{"id":1035,"date":"2026-04-08T22:11:35","date_gmt":"2026-04-08T20:11:35","guid":{"rendered":"https:\/\/gdsa25.piegelin.eu\/?page_id=1035"},"modified":"2026-04-21T16:52:46","modified_gmt":"2026-04-21T14:52:46","slug":"page-de-demonstration-feedzy","status":"publish","type":"page","link":"https:\/\/gdsa25.piegelin.eu\/index.php\/page-de-demonstration-feedzy\/","title":{"rendered":"Revue de presse apicole"},"content":{"rendered":"\t\t<div data-elementor-type=\"wp-page\" data-elementor-id=\"1035\" class=\"elementor elementor-1035\">\n\t\t\t\t<div class=\"elementor-element elementor-element-53d570e e-flex e-con-boxed e-con e-parent\" data-id=\"53d570e\" data-element_type=\"container\" data-e-type=\"container\">\n\t\t\t\t\t<div class=\"e-con-inner\">\n\t\t\t\t<div class=\"elementor-element elementor-element-eab54ff elementor-widget__width-inherit elementor-widget elementor-widget-feedzy-rss-feeds\" data-id=\"eab54ff\" data-element_type=\"widget\" data-e-type=\"widget\" data-widget_type=\"feedzy-rss-feeds.default\">\n\t\t\t\t<div class=\"elementor-widget-container\">\n\t\t\t\t\t<div class=\"feedzy-e730d009cc7d02789bf6da225f73e107 feedzy-rss\"><ul><li  style=\"padding: 15px 0 25px\" class=\"rss_item\"><span class=\"title\"><a href=\"https:\/\/www.unaf-apiculture.info\/portes-ouvertes-rucher-ecole-orville-2026\/\" target=\"\" rel=\" noopener\">Portes ouvertes de l\u2019Abeille du G\u00e2tinais au rucher-\u00e9cole d\u2019Orville<\/a><\/span><div class=\"rss_content\" style=\"\"><small>par <a href=\"\/\/www.unaf-apiculture.info\" target=\"\" title=\"www.unaf-apiculture.info\">Diego Habigand<\/a> le 12 mai 2026 \u00e0 11h51 <\/small><p>Les 23 et 24 mai 2026, l\u2019Abeille du G\u00e2tinais organise ses portes ouvertes au rucher-\u00e9cole d\u2019Orville. Au programme : d\u00e9couverte de l\u2019apiculture, ouverture de ruches, d\u00e9gustation de miel, ateliers pour enfants, animations musicales et visite du sentier botanique.\nPortes ouvertes de l\u2019Abeille du G\u00e2tinais au rucher-\u00e9cole d\u2019Orville est apparu en premier sur UNAF.<\/p><\/div><\/li><li  style=\"padding: 15px 0 25px\" class=\"rss_item\"><span class=\"title\"><a href=\"https:\/\/www.unaf-apiculture.info\/acetamipride-lapiculture-francaise-choquee-par-le-sabotage-dune-note-dalerte-scientifique\/\" target=\"\" rel=\" noopener\">ACETAMIPRIDE\u00a0:\u00a0 L\u2019APICULTURE FRAN\u00c7AISE CHOQUEE PAR LE SABOTAGE D\u2019UNE NOTE D\u2019ALERTE SCIENTIFIQUE<\/a><\/span><div class=\"rss_content\" style=\"\"><small>par <a href=\"\/\/www.unaf-apiculture.info\" target=\"\" title=\"www.unaf-apiculture.info\">Gabriel<\/a> le 4 mai 2026 \u00e0 14h46 <\/small><p>L\u2019UNAF exprime sa vive inqui\u00e9tude apr\u00e8s le blocage d\u2019une note scientifique de l\u2019OPECST consacr\u00e9e aux risques de l\u2019ac\u00e9tamipride. Pour l\u2019apiculture fran\u00e7aise, cette d\u00e9cision interroge la place accord\u00e9e \u00e0 la science dans les d\u00e9bats publics sur les n\u00e9onicotino\u00efdes.\nACETAMIPRIDE\u00a0:\u00a0 L\u2019APICULTURE FRAN\u00c7AISE CHOQUEE PAR LE SABOTAGE D\u2019UNE NOTE D\u2019ALERTE SCIENTIFIQUE est apparu en premier sur UNAF.<\/p><\/div><\/li><li  style=\"padding: 15px 0 25px\" class=\"rss_item\"><span class=\"title\"><a href=\"https:\/\/news.google.com\/rss\/articles\/CBMivwFBVV95cUxQTzBmQUtEVUZLcXlyYUN1aWNDdS1XZ1NrOUFMUkZ3cW56aGY5S3FyenNvNGd1WGJ4Y3oxU2luelViOTVrM3hSLXJyVzRVQUNEa2JKSWxmZko5VnhvUkoxcDgyQTR2WWg4R2ZPM1dKV3M3TEZLUFhIWDQyRTZOWm44b2loaG5ZQ2RvRll3N3VtT0xQMmlUWDBCWVJ0ZUNjTldVdEhPUG10UmNQaTc1R2loQktWaV9tUmV4dkFGTjNLQQ?oc=5\" target=\"\" rel=\" noopener\">Pujaudran. De l\u2019ap\u00e9ritif anis\u00e9 pour apaiser les abeilles : la saison apicole est lanc\u00e9e - ladepeche.fr<\/a><\/span><div class=\"rss_content\" style=\"\"><small>le 28 avril 2026 \u00e0 7h00 <\/small><p>Pujaudran. De l\u2019ap\u00e9ritif anis\u00e9 pour apaiser les abeilles : la saison apicole est lanc\u00e9e\u00a0\u00a0ladepeche.fr<\/p><\/div><\/li><li  style=\"padding: 15px 0 25px\" class=\"rss_item\"><span class=\"title\"><a href=\"https:\/\/news.google.com\/rss\/articles\/CBMijwFBVV95cUxQaExCZmkzQmMtdk1tYlYycFl0a0JBenpTakRac0ZJajdqSXZISXRWdXFLb2ZCVlcweVJIb0ZDVzh3MTJrSEpuRGdMR3k5b2pDRm52SS1FeV9rQ0k4WmtIV3g5U3RuYWlwWkdnWERMSUg4WG52Z3pjYmgzM2hCMXJQRlI0dzZsakNHZTlIcllPOA?oc=5\" target=\"\" rel=\" noopener\">MAEC \u00ab Am\u00e9lioration du potentiel pollinisateur des abeilles \u00bb (API) - R\u00e9gion Normandie<\/a><\/span><div class=\"rss_content\" style=\"\"><small>le 27 avril 2026 \u00e0 7h00 <\/small><p>MAEC \u00ab Am\u00e9lioration du potentiel pollinisateur des abeilles \u00bb (API)\u00a0\u00a0R\u00e9gion Normandie<\/p><\/div><\/li><li  style=\"padding: 15px 0 25px\" class=\"rss_item\"><span class=\"title\"><a href=\"https:\/\/news.google.com\/rss\/articles\/CBMiWEFVX3lxTE9leGxuQVNYR0ZXLVQtV1htQWowdG41NnhrSE8tQkV1eXBRSUFDZkhxT3dpSUQ3aDZwSm9LaXBadkYzdTNqckg3SDRiWDBLSDdtREs1T252TlE?oc=5\" target=\"\" rel=\" noopener\">Miel et Abeilles : Cycle de Conf\u00e9rences - Province de Li\u00e8ge<\/a><\/span><div class=\"rss_content\" style=\"\"><small>le 22 avril 2026 \u00e0 11h17 <\/small><p>Miel et Abeilles : Cycle de Conf\u00e9rences\u00a0\u00a0Province de Li\u00e8ge<\/p><\/div><\/li><li  style=\"padding: 15px 0 25px\" class=\"rss_item\"><span class=\"title\"><a href=\"https:\/\/www.unaf-apiculture.info\/frelon-asiatique-consultation-publique-pour-lelaboration-du-plan-national\/\" target=\"\" rel=\" noopener\">Frelon asiatique \u2013 Consultation publique pour l\u2019\u00e9laboration du plan national<\/a><\/span><div class=\"rss_content\" style=\"\"><small>par <a href=\"\/\/www.unaf-apiculture.info\" target=\"\" title=\"www.unaf-apiculture.info\">Lise<\/a> le 21 avril 2026 \u00e0 9h23 <\/small><p>Projet de plan national de lutte contre le frelon asiatique : une consultation publique est en cours\u00a0\nFrelon asiatique \u2013 Consultation publique pour l\u2019\u00e9laboration du plan national est apparu en premier sur UNAF.<\/p><\/div><\/li><li  style=\"padding: 15px 0 25px\" class=\"rss_item\"><span class=\"title\"><a href=\"https:\/\/news.google.com\/rss\/articles\/CBMi1AFBVV95cUxQSXlqSWl4bzE2WW5KUXNPSEdRTjFlWGFRb0ppd0I3OC1hT3lMMExudU1rTGVFM3BLYW0xd0NIVUJibnNsM0lhdmw1MG8ySGt2cTU2aTlhRjJCRzlXTDh0MUpfNEU5SDVuODN5cjZJMXZMRlpCZVRhT2p2bWdfazJtZTNldHhPc0cwQWhjTHhvQzlMcWtNbmZWZXlmZ3E5TUFrbGVtV1VRRnp0LUpKUUVGQk91SXhHVDFHT3lDSlpoWXJQaXpkZE5SNHFndE1OeHVHeTl5Qg?oc=5\" target=\"\" rel=\" noopener\">\"On reste m\u00e9fiants\" : pourquoi les apiculteurs du Lot surveillent leurs abeilles de tr\u00e8s pr\u00e8s - ladepeche.fr<\/a><\/span><div class=\"rss_content\" style=\"\"><small>le 20 avril 2026 \u00e0 7h00 <\/small><p>\"On reste m\u00e9fiants\" : pourquoi les apiculteurs du Lot surveillent leurs abeilles de tr\u00e8s pr\u00e8s\u00a0\u00a0ladepeche.fr<\/p><\/div><\/li><li  style=\"padding: 15px 0 25px\" class=\"rss_item\"><span class=\"title\"><a href=\"https:\/\/www.unaf-apiculture.info\/lunaf-et-labeille-gasconne-organisent-le-congres-europeen-de-lapiculture-a-agen-du-1er-au-4-octobre-2026\/\" target=\"\" rel=\" noopener\">L\u2019UNAF et l\u2019Abeille Gasconne organisent le Congr\u00e8s Europ\u00e9en de l\u2019Apiculture \u00e0 Agen du 1er au 4 octobre 2026 !<\/a><\/span><div class=\"rss_content\" style=\"\"><small>par <a href=\"\/\/www.unaf-apiculture.info\" target=\"\" title=\"www.unaf-apiculture.info\">Lise<\/a> le 16 avril 2026 \u00e0 14h07 <\/small><p>Du 1er au 4 octobre 2026, l\u2019UNAF et l\u2019Abeille Gasconne organisent \u00e0 Agen le Congr\u00e8s Europ\u00e9en de l\u2019Apiculture. Avec 200 exposants, 10 000 visiteurs attendus, des conf\u00e9rences, tables rondes, animations et concours, cet \u00e9v\u00e9nement r\u00e9unira professionnels, experts et passionn\u00e9s autour des grands enjeux de l\u2019apiculture.\nL\u2019UNAF et l\u2019Abeille Gasconne organisent le Congr\u00e8s Europ\u00e9en de l\u2019Apiculture \u00e0 Agen du 1er au 4 octobre 2026 ! est apparu en premier sur UNAF.<\/p><\/div><\/li><li  style=\"padding: 15px 0 25px\" class=\"rss_item\"><span class=\"title\"><a href=\"https:\/\/news.google.com\/rss\/articles\/CBMiqgJBVV95cUxPa0pkQ04wSVlBV0VIVXljMk1WTVJxdVRwc3AxdHpvQ25BNmhvWDd4TFNlWGxxel9kbE00bUE4RURrTmZxcVRuc3U1WFFEbWVYWEYyQzFMUDJLSTVGckw1TDBmcGtEQWFOVnlRTjFBM0t1Ml9uNVIwOFB6cjVtSWZHYnNjdElaeGJMQkFOemVESHFwRnBBTzRlMWg4YU1wOGhyWS1CcE1odXB4Vm5sYUhGNEdCUWs0Y3pnZnpSWFppdy1XY2VWYm41UDMzOWRiRUJUelhadEcydTN5V3NrRnI1YVZhMldGek9XV0FCb0pvZDhzVEpCZEl5WnQ3THVLdTdBaXo4c01UaXVrQUNQSjBqQnFNX1VQVm9rLThTMm53bXhlV1QyWTNqTTdB?oc=5\" target=\"\" rel=\" noopener\">Ces paysans du Cameroun augmentent leurs revenus gr\u00e2ce au miel, avec l\u2019aide de La Manche apicole et Peuples solidaires - Ouest-France<\/a><\/span><div class=\"rss_content\" style=\"\"><small>le 13 avril 2026 \u00e0 7h00 <\/small><p>Ces paysans du Cameroun augmentent leurs revenus gr\u00e2ce au miel, avec l\u2019aide de La Manche apicole et Peuples solidaires\u00a0\u00a0Ouest-France<\/p><\/div><\/li><li  style=\"padding: 15px 0 25px\" class=\"rss_item\"><span class=\"title\"><a href=\"https:\/\/www.unaf-apiculture.info\/non-cest-non-monsieur-duplomb\/\" target=\"\" rel=\" noopener\">Non c\u2019est Non, Monsieur Duplomb !<\/a><\/span><div class=\"rss_content\" style=\"\"><small>par <a href=\"\/\/www.unaf-apiculture.info\" target=\"\" title=\"www.unaf-apiculture.info\">Lise<\/a> le 9 avril 2026 \u00e0 12h34 <\/small><p>Non c\u2019est Non, Monsieur Duplomb ! Pour s'opposer \u00e0 la loi Duplomb 2, signez la p\u00e9tition !\nNon c\u2019est Non, Monsieur Duplomb ! est apparu en premier sur UNAF.<\/p><\/div><\/li><li  style=\"padding: 15px 0 25px\" class=\"rss_item\"><span class=\"title\"><a href=\"https:\/\/www.unaf-apiculture.info\/le-plan-frelon-un-plan-national-inacceptable-qui-exclut-deliberement-les-apiculteurs-et-apicultrices\/\" target=\"\" rel=\" noopener\">Le plan \u00ab Frelon \u00bb : un plan national inacceptable qui exclut d\u00e9lib\u00e9r\u00e9ment les apiculteurs et apicultrices<\/a><\/span><div class=\"rss_content\" style=\"\"><small>par <a href=\"\/\/www.unaf-apiculture.info\" target=\"\" title=\"www.unaf-apiculture.info\">Lise<\/a> le 7 avril 2026 \u00e0 14h49 <\/small><p>Le plan \u00ab Frelon \u00bb : un plan national inacceptable qui exclut d\u00e9lib\u00e9r\u00e9ment les apiculteurs et apicultrices\nLe plan \u00ab Frelon \u00bb : un plan national inacceptable qui exclut d\u00e9lib\u00e9r\u00e9ment les apiculteurs et apicultrices est apparu en premier sur UNAF.<\/p><\/div><\/li><li  style=\"padding: 15px 0 25px\" class=\"rss_item\"><span class=\"title\"><a href=\"https:\/\/www.unaf-apiculture.info\/pesticides-sante-biodiversite-petition\/\" target=\"\" rel=\" noopener\">L\u2019UNAF soutient l\u2019initiative port\u00e9e par BeeLife pour prot\u00e9ger notre sant\u00e9, nos agriculteurs et notre environnement<\/a><\/span><div class=\"rss_content\" style=\"\"><small>par <a href=\"\/\/www.unaf-apiculture.info\" target=\"\" title=\"www.unaf-apiculture.info\">Lise<\/a> le 7 avril 2026 \u00e0 8h27 <\/small><p>Face aux risques li\u00e9s aux pesticides pour la sant\u00e9, l\u2019eau, les pollinisateurs et la biodiversit\u00e9, BeeLife European Beekeeping Coordination appelle \u00e0 soutenir une p\u00e9tition pour acc\u00e9l\u00e9rer la transition vers une agriculture plus durable.\nL\u2019UNAF soutient l\u2019initiative port\u00e9e par BeeLife pour prot\u00e9ger notre sant\u00e9, nos agriculteurs et notre environnement est apparu en premier sur UNAF.<\/p><\/div><\/li><li  style=\"padding: 15px 0 25px\" class=\"rss_item\"><span class=\"title\"><a href=\"https:\/\/www.unaf-apiculture.info\/les-temps-forts-de-lunaf-en-2025-une-annee-de-mobilisation\/\" target=\"\" rel=\" noopener\">Les Temps forts de l\u2019UNAF en 2025 : une ann\u00e9e de mobilisation<\/a><\/span><div class=\"rss_content\" style=\"\"><small>par <a href=\"\/\/www.unaf-apiculture.info\" target=\"\" title=\"www.unaf-apiculture.info\">Lise<\/a> le 30 mars 2026 \u00e0 9h18 <\/small><p>De janvier \u00e0 d\u00e9cembre, d\u00e9couvrez Les Temps Forts de l\u2019Union Nationale de l'Apiculture Fran\u00e7aise en 2025\nLes Temps forts de l\u2019UNAF en 2025 : une ann\u00e9e de mobilisation est apparu en premier sur UNAF.<\/p><\/div><\/li><li  style=\"padding: 15px 0 25px\" class=\"rss_item\"><span class=\"title\"><a href=\"https:\/\/www.unaf-apiculture.info\/retour-sur-les-jeudis-de-lenvironnement-a-meze-sensibilisation-au-frelon-asiatique\/\" target=\"\" rel=\" noopener\">Retour sur les jeudis de l\u2019environnement \u00e0 M\u00e8ze \u2013 Sensibilisation au frelon asiatique.<\/a><\/span><div class=\"rss_content\" style=\"\"><small>par <a href=\"\/\/www.unaf-apiculture.info\" target=\"\" title=\"www.unaf-apiculture.info\">Gabriel<\/a> le 26 mars 2026 \u00e0 13h46 <\/small><p>La commune de M\u00e8ze a organis\u00e9, le 12 mars dernier, un nouveau rendez-vous des \u00ab Jeudis de l\u2019environnement \u00bb d\u00e9di\u00e9 \u00e0 la sensibilisation \u00e0 la lutte contre le frelon asiatique. De nombreux habitants sont venus r\u00e9cup\u00e9rer des pi\u00e8ges et s\u2019informer sur les bonnes pratiques, notamment l\u2019importance du pi\u00e9geage de printemps pour limiter la prolif\u00e9ration de cette esp\u00e8ce invasive et prot\u00e9ger les abeilles.\nRetour sur les jeudis de l\u2019environnement \u00e0 M\u00e8ze \u2013 Sensibilisation au frelon asiatique. est apparu en premier sur UNAF.<\/p><\/div><\/li><li  style=\"padding: 15px 0 25px\" class=\"rss_item\"><span class=\"title\"><a href=\"https:\/\/news.google.com\/rss\/articles\/CBMisgFBVV95cUxNNksxQmtZV2lROU0wMzBnZDZHNXQ0ZkRGNjRJTWZTRnV1NXM4elU0SEF3SDIySm5ZSWIyT2xJclJCTW9EX0hiZkc5Um44dl84ZHU3R1RpeUc0azRYNUVacGc1SndNcFkxcXRSb0Z1ci1kY1R0QVd4UWUzblFpY2VoVjM2T2lWanZwWEtySmp3WkZzbElOM2hHOGZrb3pvTS1DVDNpLWZZU0xpbjhYUEc1UEN3?oc=5\" target=\"\" rel=\" noopener\">Pas de lune de miel pour les apiculteurs proven\u00e7aux : les rendements en berne - Pleinchamp<\/a><\/span><div class=\"rss_content\" style=\"\"><small>le 25 mars 2026 \u00e0 7h00 <\/small><p>Pas de lune de miel pour les apiculteurs proven\u00e7aux : les rendements en berne\u00a0\u00a0Pleinchamp<\/p><\/div><\/li><li  style=\"padding: 15px 0 25px\" class=\"rss_item\"><span class=\"title\"><a href=\"https:\/\/news.google.com\/rss\/articles\/CBMilgFBVV95cUxOV3NKdTltXzVuSXprUE1TQWNnbG1hVVdTNjVwMWlqVmo1M25SdEQ3dVIwbGxOTk1ab1pXVGxhRjM2ODhaVkw4NGNENV85dl93M1NhX0pfV1FlbEtFMnBHNVJnc09OT2o0aHhKYl9VZWZ6a3lxWkRaUVpJUGtMYXoxbFB1V0UtbmR4UXBHZEsxdkYxX1hqOEE?oc=5\" target=\"\" rel=\" noopener\">Frelon asiatique : les apiculteurs ne peuvent plus attendre - UNAF - UNAF - Union Nationale de l'Apiculture Fran\u00e7aise<\/a><\/span><div class=\"rss_content\" style=\"\"><small>le 25 mars 2026 \u00e0 7h00 <\/small><p>Frelon asiatique : les apiculteurs ne peuvent plus attendre - UNAF\u00a0\u00a0UNAF - Union Nationale de l'Apiculture Fran\u00e7aise<\/p><\/div><\/li><li  style=\"padding: 15px 0 25px\" class=\"rss_item\"><span class=\"title\"><a href=\"https:\/\/news.google.com\/rss\/articles\/CBMiXEFVX3lxTFBudnJkN01VUEYyanZjX0JnVnRoQkxmbkl5LUozTmdTX3ZlYWxaNWJZOVJMdnBINk5MWnZjcXpUNnNzc3VCT1FOQnYxZ0d1bWo2UTVqbnNOMnNQYkRr?oc=5\" target=\"\" rel=\" noopener\">saison du miel - Vietnam.vn<\/a><\/span><div class=\"rss_content\" style=\"\"><small>le 24 mars 2026 \u00e0 7h00 <\/small><p>saison du miel\u00a0\u00a0Vietnam.vn<\/p><\/div><\/li><li  style=\"padding: 15px 0 25px\" class=\"rss_item\"><span class=\"title\"><a href=\"https:\/\/www.unaf-apiculture.info\/la-semaine-pour-les-alternatives-aux-pesticides\/\" target=\"\" rel=\" noopener\">La Semaine Pour les Alternatives aux Pesticides<\/a><\/span><div class=\"rss_content\" style=\"\"><small>par <a href=\"\/\/www.unaf-apiculture.info\" target=\"\" title=\"www.unaf-apiculture.info\">Lise<\/a> le 23 mars 2026 \u00e0 13h36 <\/small><p>Du 20 au 30 mars 2026, se tient la Semaine Pour les Alternatives aux Pesticides (SPAP) \nLa Semaine Pour les Alternatives aux Pesticides est apparu en premier sur UNAF.<\/p><\/div><\/li><li  style=\"padding: 15px 0 25px\" class=\"rss_item\"><span class=\"title\"><a href=\"https:\/\/news.google.com\/rss\/articles\/CBMimgJBVV95cUxPeE10OWp0SFlVMS0xUFBLem5KbDdHWmNyVzdCSGVxSmxidDFNbklCNVBCSndZWlNjX1k3cVdyWFFrSVI5UFJaWkkwSVdIdVdlR21MaTdGaHV1TDlPa3JEX0ExZ05zWUFqTWlwSkhnc1I2Q2IzNkZTR0F3ZkRQTEYyT2prTmxpV3FlOEJUUDdqS3FPdXRxNnJBNEVkTHNmLVNlalRwSEtnazc0VW12cHd3QWRzMkFnTEhUanV4MEtEMy01bFhlR29GLXAxaGsyRU53dzI2N0F2RGlQRi1qbFJTLUdXSnN1emxVYTV3bGhYRVJ3NHJoeWxtcmpnZDBkbXFvVjhmSmpfcXdUbGYwOHN1aXZra2tOSmd2OUE?oc=5\" target=\"\" rel=\" noopener\">\u00ab \u00c7a regroupe tout ce que j\u2019aime \u00bb : \u00e0 42 ans, cet ex-assistant logistique se reconvertit dans l\u2019apiculture en Finist\u00e8re - Ouest-France<\/a><\/span><div class=\"rss_content\" style=\"\"><small>le 20 mars 2026 \u00e0 7h00 <\/small><p>\u00ab \u00c7a regroupe tout ce que j\u2019aime \u00bb : \u00e0 42 ans, cet ex-assistant logistique se reconvertit dans l\u2019apiculture en Finist\u00e8re\u00a0\u00a0Ouest-France<\/p><\/div><\/li><li  style=\"padding: 15px 0 25px\" class=\"rss_item\"><span class=\"title\"><a href=\"https:\/\/news.google.com\/rss\/articles\/CBMingJBVV95cUxNV3ZTYUcxaWdUc1FYMEZ2bVJBVTJBOG01Q1FZVlBUOHRHczEtcmYxWjMtbDZoLTdxOXRzY3YzUkUxYkxNWlRBOGxGTW9EaFdxQ1JRSHE0eG96cWcyUjUtV0U0bjNRZmhIM0Z6bmFycjJCYVNxdG00Z0FKRWI2MXdQandwSTBRMElzTUlORDl6eXE5djlqcHJSSlpJQUhkN2tiRDRmR3NFT2VtN2E3MXpXWDkzMERmWFA0UXNNMnd4Y0xMXzJ2SlkxbUNmZ2lQa3JmY3RNRnZOTGxJbHB1aGR3M1ZlOXhmUmpwbWxuWnpud2JXYzFzVENSc0RyQjlQUTEzSXdXSUpVOWNIQi10eDIwclZQa1RfRlBoVW1Ka3N3?oc=5\" target=\"\" rel=\" noopener\">L\u2019apiculteur sarthois d\u00e9veloppe un mod\u00e8le de ruche locale \u00ab pour d\u00e9montrer le savoir-faire fran\u00e7ais \u00bb - Ouest-France<\/a><\/span><div class=\"rss_content\" style=\"\"><small>le 17 mars 2026 \u00e0 7h00 <\/small><p>L\u2019apiculteur sarthois d\u00e9veloppe un mod\u00e8le de ruche locale \u00ab pour d\u00e9montrer le savoir-faire fran\u00e7ais \u00bb\u00a0\u00a0Ouest-France<\/p><\/div><\/li><\/ul> <\/div><style type=\"text\/css\" media=\"all\">.feedzy-rss .rss_item .rss_image{float:left;position:relative;border:none;text-decoration:none;max-width:100%}.feedzy-rss .rss_item .rss_image span{display:inline-block;position:absolute;width:100%;height:100%;background-position:50%;background-size:cover}.feedzy-rss .rss_item .rss_image{margin:.3em 1em 0 0;content-visibility:auto}.feedzy-rss ul{list-style:none}.feedzy-rss ul li{display:inline-block}<\/style>\t\t\t\t<\/div>\n\t\t\t\t<\/div>\n\t\t\t\t\t<\/div>\n\t\t\t\t<\/div>\n\t\t\t\t<\/div>\n\t\t","protected":false},"excerpt":{"rendered":"","protected":false},"author":1,"featured_media":0,"parent":0,"menu_order":0,"comment_status":"closed","ping_status":"closed","template":"","meta":{"site-sidebar-layout":"no-sidebar","site-content-layout":"","ast-site-content-layout":"full-width-container","site-content-style":"default","site-sidebar-style":"default","ast-global-header-display":"","ast-banner-title-visibility":"","ast-main-header-display":"","ast-hfb-above-header-display":"","ast-hfb-below-header-display":"","ast-hfb-mobile-header-display":"","site-post-title":"disabled","ast-breadcrumbs-content":"","ast-featured-img":"disabled","footer-sml-layout":"","ast-disable-related-posts":"","theme-transparent-header-meta":"","adv-header-id-meta":"","stick-header-meta":"","header-above-stick-meta":"","header-main-stick-meta":"","header-below-stick-meta":"","astra-migrate-meta-layouts":"default","ast-page-background-enabled":"default","ast-page-background-meta":{"desktop":{"background-color":"var(--ast-global-color-5)","background-image":"","background-repeat":"repeat","background-position":"center center","background-size":"auto","background-attachment":"scroll","background-type":"","background-media":"","overlay-type":"","overlay-color":"","overlay-opacity":"","overlay-gradient":""},"tablet":{"background-color":"","background-image":"","background-repeat":"repeat","background-position":"center center","background-size":"auto","background-attachment":"scroll","background-type":"","background-media":"","overlay-type":"","overlay-color":"","overlay-opacity":"","overlay-gradient":""},"mobile":{"background-color":"","background-image":"","background-repeat":"repeat","background-position":"center center","background-size":"auto","background-attachment":"scroll","background-type":"","background-media":"","overlay-type":"","overlay-color":"","overlay-opacity":"","overlay-gradient":""}},"ast-content-background-meta":{"desktop":{"background-color":"var(--ast-global-color-4)","background-image":"","background-repeat":"repeat","background-position":"center center","background-size":"auto","background-attachment":"scroll","background-type":"","background-media":"","overlay-type":"","overlay-color":"","overlay-opacity":"","overlay-gradient":""},"tablet":{"background-color":"var(--ast-global-color-4)","background-image":"","background-repeat":"repeat","background-position":"center center","background-size":"auto","background-attachment":"scroll","background-type":"","background-media":"","overlay-type":"","overlay-color":"","overlay-opacity":"","overlay-gradient":""},"mobile":{"background-color":"var(--ast-global-color-4)","background-image":"","background-repeat":"repeat","background-position":"center center","background-size":"auto","background-attachment":"scroll","background-type":"","background-media":"","overlay-type":"","overlay-color":"","overlay-opacity":"","overlay-gradient":""}},"two_page_speed":[],"footnotes":""},"class_list":["post-1035","page","type-page","status-publish","hentry"],"_links":{"self":[{"href":"https:\/\/gdsa25.piegelin.eu\/index.php\/wp-json\/wp\/v2\/pages\/1035","targetHints":{"allow":["GET"]}}],"collection":[{"href":"https:\/\/gdsa25.piegelin.eu\/index.php\/wp-json\/wp\/v2\/pages"}],"about":[{"href":"https:\/\/gdsa25.piegelin.eu\/index.php\/wp-json\/wp\/v2\/types\/page"}],"author":[{"embeddable":true,"href":"https:\/\/gdsa25.piegelin.eu\/index.php\/wp-json\/wp\/v2\/users\/1"}],"replies":[{"embeddable":true,"href":"https:\/\/gdsa25.piegelin.eu\/index.php\/wp-json\/wp\/v2\/comments?post=1035"}],"version-history":[{"count":52,"href":"https:\/\/gdsa25.piegelin.eu\/index.php\/wp-json\/wp\/v2\/pages\/1035\/revisions"}],"predecessor-version":[{"id":1126,"href":"https:\/\/gdsa25.piegelin.eu\/index.php\/wp-json\/wp\/v2\/pages\/1035\/revisions\/1126"}],"wp:attachment":[{"href":"https:\/\/gdsa25.piegelin.eu\/index.php\/wp-json\/wp\/v2\/media?parent=1035"}],"curies":[{"name":"wp","href":"https:\/\/api.w.org\/{rel}","templated":true}]}}