{"id":120,"date":"2025-12-16T16:28:54","date_gmt":"2025-12-16T15:28:54","guid":{"rendered":"http:\/\/192.168.1.130\/?page_id=120"},"modified":"2026-01-31T18:18:28","modified_gmt":"2026-01-31T17:18:28","slug":"essai","status":"publish","type":"page","link":"https:\/\/gdsa25.piegelin.eu\/index.php\/essai\/","title":{"rendered":"Le GDSA 25 G\u00e9n\u00e9ralit\u00e9s"},"content":{"rendered":"\t\t<div data-elementor-type=\"wp-page\" data-elementor-id=\"120\" class=\"elementor elementor-120\">\n\t\t\t\t<div class=\"elementor-element elementor-element-d47c8e7 e-flex e-con-boxed e-con e-parent\" data-id=\"d47c8e7\" data-element_type=\"container\" data-e-type=\"container\">\n\t\t\t\t\t<div class=\"e-con-inner\">\n\t\t\t\t<div class=\"elementor-element elementor-element-b6402df elementor-widget elementor-widget-image\" data-id=\"b6402df\" data-element_type=\"widget\" data-e-type=\"widget\" data-widget_type=\"image.default\">\n\t\t\t\t\t\t\t\t\t\t\t\t\t\t\t<img fetchpriority=\"high\" decoding=\"async\" width=\"1920\" height=\"552\" src=\"https:\/\/gdsa25.piegelin.eu\/wp-content\/uploads\/2026\/01\/photobanniere_1.jpg\" class=\"attachment-full size-full wp-image-292\" alt=\"\" srcset=\"https:\/\/gdsa25.piegelin.eu\/wp-content\/uploads\/2026\/01\/photobanniere_1.jpg 1920w, https:\/\/gdsa25.piegelin.eu\/wp-content\/uploads\/2026\/01\/photobanniere_1-300x86.jpg 300w, https:\/\/gdsa25.piegelin.eu\/wp-content\/uploads\/2026\/01\/photobanniere_1-1024x294.jpg 1024w, https:\/\/gdsa25.piegelin.eu\/wp-content\/uploads\/2026\/01\/photobanniere_1-768x221.jpg 768w, https:\/\/gdsa25.piegelin.eu\/wp-content\/uploads\/2026\/01\/photobanniere_1-1536x442.jpg 1536w, https:\/\/gdsa25.piegelin.eu\/wp-content\/uploads\/2026\/01\/photobanniere_1-600x173.jpg 600w\" sizes=\"(max-width: 1920px) 100vw, 1920px\" \/>\t\t\t\t\t\t\t\t\t\t\t\t\t\t\t<\/div>\n\t\t\t\t\t<\/div>\n\t\t\t\t<\/div>\n\t\t<div class=\"elementor-element elementor-element-f8f8395 e-flex e-con-boxed e-con e-parent\" data-id=\"f8f8395\" data-element_type=\"container\" data-e-type=\"container\">\n\t\t\t\t\t<div class=\"e-con-inner\">\n\t\t\t\t<div class=\"elementor-element elementor-element-f492d07 elementor-widget elementor-widget-text-editor\" data-id=\"f492d07\" data-element_type=\"widget\" data-e-type=\"widget\" data-widget_type=\"text-editor.default\">\n\t\t\t\t\t\t\t\t\t<div id=\"WRchTxt10\" class=\"Z_l5lU MMl86N zQ9jDz qvSjx3 Vq6kJx WRchTxt10 wixui-rich-text\" data-testid=\"richTextElement\">\n<h5 class=\"font_5 wixui-rich-text__text\">Le GDSA: objectifs&#8230;<\/h5>\n<\/div>\n<div id=\"comp-jh60882w\" class=\"Z_l5lU MMl86N zQ9jDz qvSjx3 Vq6kJx comp-jh60882w wixui-rich-text\" data-testid=\"richTextElement\">\n<ul class=\"font_8 wixui-rich-text__text\">\n<li class=\"wixui-rich-text__text\">\n<p class=\"font_8 wixui-rich-text__text\"><span class=\"wixui-rich-text__text\">Contribuer \u00e0 l\u2019am\u00e9lioration de l\u2019\u00e9tat sanitaire des abeilles en diffusant\u00a0les connaissances et pratiques sanitaires apicoles .<\/span><\/p>\n<\/li>\n<li class=\"wixui-rich-text__text\">\n<p class=\"font_8 wixui-rich-text__text\"><span class=\"wixui-rich-text__text\">Aider les adh\u00e9rents \u00e0 lutter efficacement contre les maladies, les parasites, les intoxications et les causes de mortalit\u00e9 des abeilles en collaboration avec les services comp\u00e9tents de l&rsquo;administration.<\/span><\/p>\n<\/li>\n<li class=\"wixui-rich-text__text\">\n<p class=\"font_8 wixui-rich-text__text\"><span class=\"wixui-rich-text__text\">Sauvegarder les int\u00e9r\u00eats des adh\u00e9rents dans les instances repr\u00e9sentatives\u00a0 r\u00e9gionales et nationales.<\/span><\/p>\n<\/li>\n<li class=\"wixui-rich-text__text\">\n<p class=\"font_8 wixui-rich-text__text\"><span class=\"wixui-rich-text__text\">Conseiller\u00a0 ses adh\u00e9rents\u00a0 pour la mise en \u0153uvre de solutions\u00a0 \u00e0 but sanitaire.<\/span><\/p>\n<\/li>\n<li class=\"wixui-rich-text__text\">\n<p class=\"font_8 wixui-rich-text__text\"><span class=\"wixui-rich-text__text\">Participer financi\u00e8rement \u00e0 la r\u00e9alisation de plans de lutte : gestion\u00a0 des commandes produits v\u00e9t\u00e9rinaires et sollicitation d\u2019aides d\u00e9partementales\u00a0<\/span><\/p>\n<\/li>\n<\/ul>\n<\/div>\t\t\t\t\t\t\t\t<\/div>\n\t\t\t\t\t<\/div>\n\t\t\t\t<\/div>\n\t\t<div class=\"elementor-element elementor-element-3bd35fd2 e-flex e-con-boxed e-con e-parent\" data-id=\"3bd35fd2\" data-element_type=\"container\" data-e-type=\"container\">\n\t\t\t\t\t<div class=\"e-con-inner\">\n\t\t\t\t<div class=\"elementor-element elementor-element-dfae204 elementor-widget elementor-widget-text-editor\" data-id=\"dfae204\" data-element_type=\"widget\" data-e-type=\"widget\" data-widget_type=\"text-editor.default\">\n\t\t\t\t\t\t\t\t\t\n<div id=\"comp-jfc5tqey\" class=\"Z_l5lU MMl86N zQ9jDz qvSjx3 Vq6kJx comp-jfc5tqey wixui-rich-text\" data-testid=\"richTextElement\">\n<h5 class=\"font_5 wixui-rich-text__text\">Moyens:<\/h5>\n<\/div>\n<div id=\"WRchTxts\" class=\"Z_l5lU ku3DBC zQ9jDz qvSjx3 Vq6kJx WRchTxts wixui-rich-text\" data-testid=\"richTextElement\">\n<p class=\"font_8 wixui-rich-text__text\"><span class=\"wixui-rich-text__text\">Le GDSA 25 poss\u00e8de l&rsquo;agr\u00e9ment pharmacie pour vendre \u00e0 ses adh\u00e9rents les m\u00e9dicaments avec AMM (Autorisation de Mise sur le March\u00e9) dans le cadre de la lutte contre la varroose . A ce titre, il poss\u00e8de un\u00a0 PSE (Plan Sanitaire d&rsquo;Elevage)<\/span><\/p>\n<p class=\"font_8 wixui-rich-text__text\"><span class=\"wixui-rich-text__text\">L&rsquo;agr\u00e9ment est obtenu aupr\u00e8s de la commission r\u00e9gionale de la pharmacie v\u00e9t\u00e9rinaire\u00a0 .<\/span><\/p>\n<p class=\"font_8 wixui-rich-text__text\"><span class=\"wixui-rich-text__text\">\u200b<\/span><span class=\"wixui-rich-text__text\">Le PSE du GDSA25 est supervis\u00e9 par un docteur v\u00e9t\u00e9rinaire\u00a0 conseil du GDSA25. Le suivi de l&rsquo;utilisation des m\u00e9dicaments est assur\u00e9 par les\u00a0<span class=\"color_18 wixui-rich-text__text\"><a class=\"wixui-rich-text__text\" href=\"https:\/\/www.gdsapicole25.com\/les-thecniciens-sanitaires\" target=\"_self\">TSA<\/a><\/span>. Chaque adh\u00e9rent doit \u00eatre visit\u00e9 sur la p\u00e9riode que dure l\u2019agr\u00e9ment de 5 ans. Cette visite est bas\u00e9e sur l&rsquo;\u00e9change avec l&rsquo;apiculteur de ses pratiques, de son ressenti et permet ainsi des remont\u00e9es d&rsquo;informations utiles \u00e0 tous!<\/span><\/p>\n<p class=\"font_8 wixui-rich-text__text\"><span class=\"wixui-rich-text__text\">Toute cette activit\u00e9 est le fruit d&rsquo;une \u00e9quipe de b\u00e9n\u00e9voles motiv\u00e9s par la sant\u00e9 des abeilles!\u00a0 N&rsquo;h\u00e9sitez pas \u00e0 nous rejoindre si le c\u0153ur vous en dit.<\/span><\/p>\n<\/div>\n\n<p>\u200b<\/p>\n\t\t\t\t\t\t\t\t<\/div>\n\t\t\t\t\t<\/div>\n\t\t\t\t<\/div>\n\t\t<div class=\"elementor-element elementor-element-a443904 e-flex e-con-boxed e-con e-parent\" data-id=\"a443904\" data-element_type=\"container\" data-e-type=\"container\">\n\t\t\t\t\t<div class=\"e-con-inner\">\n\t\t\t\t<div class=\"elementor-element elementor-element-80e3788 elementor-widget elementor-widget-heading\" data-id=\"80e3788\" data-element_type=\"widget\" data-e-type=\"widget\" data-widget_type=\"heading.default\">\n\t\t\t\t\t<h2 class=\"elementor-heading-title elementor-size-default\">Le conseil d'administration<\/h2>\t\t\t\t<\/div>\n\t\t\t\t\t<\/div>\n\t\t\t\t<\/div>\n\t\t<div class=\"elementor-element elementor-element-fa4454c e-flex e-con-boxed e-con e-parent\" data-id=\"fa4454c\" data-element_type=\"container\" data-e-type=\"container\">\n\t\t\t\t\t<div class=\"e-con-inner\">\n\t\t<div class=\"elementor-element elementor-element-ecc6eb1 e-con-full e-flex e-con e-child\" data-id=\"ecc6eb1\" data-element_type=\"container\" data-e-type=\"container\">\n\t\t\t\t<div class=\"elementor-element elementor-element-704bb73 elementor-widget__width-initial elementor-widget elementor-widget-text-editor\" data-id=\"704bb73\" data-element_type=\"widget\" data-e-type=\"widget\" data-widget_type=\"text-editor.default\">\n\t\t\t\t\t\t\t\t\t<p class=\"font_8 wixui-rich-text__text\" style=\"text-align: center;\"><strong><span class=\"wixui-rich-text__text\">Vice-Pr\u00e9sident<\/span><\/strong><\/p>\n<p class=\"font_8 wixui-rich-text__text\" style=\"text-align: center;\"><span class=\"wixui-rich-text__text\"><span class=\"wixGuard wixui-rich-text__text\">\u200b<\/span><\/span><span class=\"wixui-rich-text__text\"><a class=\"wixui-rich-text__text\" href=\"mailto:gdsapicole25@gmail.com\" target=\"_self\">gdsapicole25@gmail.com<\/a><\/span><\/p>\t\t\t\t\t\t\t\t<\/div>\n\t\t\t\t<\/div>\n\t\t<div class=\"elementor-element elementor-element-b5eff67 e-con-full e-flex e-con e-child\" data-id=\"b5eff67\" data-element_type=\"container\" data-e-type=\"container\">\n\t\t\t\t<div class=\"elementor-element elementor-element-3098e0d elementor-widget__width-initial elementor-widget elementor-widget-text-editor\" data-id=\"3098e0d\" data-element_type=\"widget\" data-e-type=\"widget\" data-widget_type=\"text-editor.default\">\n\t\t\t\t\t\t\t\t\t<p class=\"font_8 wixui-rich-text__text\"><strong><span class=\"wixui-rich-text__text\">Pr\u00e9sident<\/span><\/strong><\/p>\n<p class=\"font_8 wixui-rich-text__text\"><strong><span class=\"wixui-rich-text__text\">Christophe WILL<\/span><\/strong><\/p>\n<p class=\"font_8 wixui-rich-text__text\"><strong><span class=\"wixui-rich-text__text\"><a class=\"wixui-rich-text__text\" href=\"mailto:president.gdsapicole25@gmail.com\" target=\"_self\">president.gdsapicole25@gmail.com<\/a><\/span><\/strong><\/p>\t\t\t\t\t\t\t\t<\/div>\n\t\t\t\t<\/div>\n\t\t<div class=\"elementor-element elementor-element-a2171e4 e-con-full e-flex e-con e-child\" data-id=\"a2171e4\" data-element_type=\"container\" data-e-type=\"container\">\n\t\t\t\t<div class=\"elementor-element elementor-element-917bc7c elementor-widget__width-initial elementor-widget elementor-widget-text-editor\" data-id=\"917bc7c\" data-element_type=\"widget\" data-e-type=\"widget\" data-widget_type=\"text-editor.default\">\n\t\t\t\t\t\t\t\t\t<p class=\"font_8 wixui-rich-text__text\" style=\"text-align: center;\"><span style=\"font-style: inherit; font-weight: inherit;\">Secr\u00e9taire<\/span><\/p>\n<p class=\"font_8 wixui-rich-text__text\" style=\"text-align: center;\">Guy POURCHET<\/p>\n<p class=\"font_8 wixui-rich-text__text\" style=\"text-align: center;\">51 chemin du Fort de Bregille<\/p>\n<p class=\"font_8 wixui-rich-text__text\" style=\"text-align: center;\">25000 BESANCON<\/p>\n<p class=\"font_8 wixui-rich-text__text\" style=\"text-align: center;\"><span class=\"wixui-rich-text__text\"><a class=\"wixui-rich-text__text\" href=\"mailto:gdsapicole25@gmail.com\" target=\"_self\">gdsapicole25@gmail.com<\/a><\/span>&nbsp;<\/p>\t\t\t\t\t\t\t\t<\/div>\n\t\t\t\t<\/div>\n\t\t<div class=\"elementor-element elementor-element-e644220 e-con-full e-flex e-con e-child\" data-id=\"e644220\" data-element_type=\"container\" data-e-type=\"container\">\n\t\t\t\t<div class=\"elementor-element elementor-element-f5866fd elementor-widget__width-initial elementor-widget elementor-widget-text-editor\" data-id=\"f5866fd\" data-element_type=\"widget\" data-e-type=\"widget\" data-widget_type=\"text-editor.default\">\n\t\t\t\t\t\t\t\t\t<p class=\"font_8 wixui-rich-text__text\" style=\"text-align: center;\"><strong><span class=\"wixui-rich-text__text\">Tr\u00e9sorier<\/span><\/strong><\/p>\n<p class=\"font_8 wixui-rich-text__text\" style=\"text-align: center;\"><span class=\"wixui-rich-text__text\"><span class=\"wixGuard wixui-rich-text__text\">\u200b<\/span><\/span><\/p>\n<p class=\"font_8 wixui-rich-text__text\" style=\"text-align: center;\"><span class=\"wixui-rich-text__text\"><a class=\"wixui-rich-text__text\" href=\"mailto:gdsapicole25@gmail.com\" target=\"_self\">gdsapicole25@gmail.com<\/a><\/span><\/p>\t\t\t\t\t\t\t\t<\/div>\n\t\t\t\t<\/div>\n\t\t<div class=\"elementor-element elementor-element-04a2028 e-con-full e-flex e-con e-child\" data-id=\"04a2028\" data-element_type=\"container\" data-e-type=\"container\">\n\t\t\t\t<div class=\"elementor-element elementor-element-a3d212e elementor-widget elementor-widget-text-editor\" data-id=\"a3d212e\" data-element_type=\"widget\" data-e-type=\"widget\" data-widget_type=\"text-editor.default\">\n\t\t\t\t\t\t\t\t\t<p>Lorem ipsum dolor sit amet, consectetur adipiscing elit. Ut elit tellus, luctus nec ullamcorper mattis, pulvinar dapibus leo.<\/p>\t\t\t\t\t\t\t\t<\/div>\n\t\t\t\t<\/div>\n\t\t<div class=\"elementor-element elementor-element-8b0e9b6 e-con-full e-flex e-con e-child\" data-id=\"8b0e9b6\" data-element_type=\"container\" data-e-type=\"container\">\n\t\t\t\t<div class=\"elementor-element elementor-element-479dac9 elementor-widget elementor-widget-text-editor\" data-id=\"479dac9\" data-element_type=\"widget\" data-e-type=\"widget\" data-widget_type=\"text-editor.default\">\n\t\t\t\t\t\t\t\t\t<p>Lorem ipsum dolor sit amet, consectetur adipiscing elit. Ut elit tellus, luctus nec ullamcorper mattis, pulvinar dapibus leo.<\/p>\t\t\t\t\t\t\t\t<\/div>\n\t\t\t\t<\/div>\n\t\t\t\t\t<\/div>\n\t\t\t\t<\/div>\n\t\t<div class=\"elementor-element elementor-element-7f7d67d e-flex e-con-boxed e-con e-parent\" data-id=\"7f7d67d\" data-element_type=\"container\" data-e-type=\"container\">\n\t\t\t\t\t<div class=\"e-con-inner\">\n\t\t<div class=\"elementor-element elementor-element-ff44d66 e-con-full e-flex e-con e-child\" data-id=\"ff44d66\" data-element_type=\"container\" data-e-type=\"container\">\n\t\t\t\t<\/div>\n\t\t<div class=\"elementor-element elementor-element-b427839 e-con-full e-flex e-con e-child\" data-id=\"b427839\" data-element_type=\"container\" data-e-type=\"container\">\n\t\t\t\t<\/div>\n\t\t<div class=\"elementor-element elementor-element-4c8cfbf e-con-full e-flex e-con e-child\" data-id=\"4c8cfbf\" data-element_type=\"container\" data-e-type=\"container\">\n\t\t\t\t<\/div>\n\t\t<div class=\"elementor-element elementor-element-10dc6b0 e-con-full e-flex e-con e-child\" data-id=\"10dc6b0\" data-element_type=\"container\" data-e-type=\"container\">\n\t\t\t\t<\/div>\n\t\t<div class=\"elementor-element elementor-element-3701cf1 e-con-full e-flex e-con e-child\" data-id=\"3701cf1\" data-element_type=\"container\" data-e-type=\"container\">\n\t\t\t\t<\/div>\n\t\t<div class=\"elementor-element elementor-element-a741b90 e-con-full e-flex e-con e-child\" data-id=\"a741b90\" data-element_type=\"container\" data-e-type=\"container\">\n\t\t\t\t<\/div>\n\t\t\t\t\t<\/div>\n\t\t\t\t<\/div>\n\t\t\t\t<\/div>\n\t\t","protected":false},"excerpt":{"rendered":"<p>Le GDSA: objectifs&#8230; Contribuer \u00e0 l\u2019am\u00e9lioration de l\u2019\u00e9tat sanitaire des abeilles en diffusant\u00a0les connaissances et pratiques sanitaires apicoles . Aider [&hellip;]<\/p>\n","protected":false},"author":1,"featured_media":0,"parent":0,"menu_order":0,"comment_status":"closed","ping_status":"closed","template":"","meta":{"site-sidebar-layout":"default","site-content-layout":"","ast-site-content-layout":"default","site-content-style":"default","site-sidebar-style":"default","ast-global-header-display":"","ast-banner-title-visibility":"","ast-main-header-display":"","ast-hfb-above-header-display":"","ast-hfb-below-header-display":"","ast-hfb-mobile-header-display":"","site-post-title":"","ast-breadcrumbs-content":"","ast-featured-img":"","footer-sml-layout":"","ast-disable-related-posts":"","theme-transparent-header-meta":"","adv-header-id-meta":"","stick-header-meta":"","header-above-stick-meta":"","header-main-stick-meta":"","header-below-stick-meta":"","astra-migrate-meta-layouts":"default","ast-page-background-enabled":"default","ast-page-background-meta":{"desktop":{"background-color":"var(--ast-global-color-5)","background-image":"","background-repeat":"repeat","background-position":"center center","background-size":"auto","background-attachment":"scroll","background-type":"","background-media":"","overlay-type":"","overlay-color":"","overlay-opacity":"","overlay-gradient":""},"tablet":{"background-color":"","background-image":"","background-repeat":"repeat","background-position":"center center","background-size":"auto","background-attachment":"scroll","background-type":"","background-media":"","overlay-type":"","overlay-color":"","overlay-opacity":"","overlay-gradient":""},"mobile":{"background-color":"","background-image":"","background-repeat":"repeat","background-position":"center center","background-size":"auto","background-attachment":"scroll","background-type":"","background-media":"","overlay-type":"","overlay-color":"","overlay-opacity":"","overlay-gradient":""}},"ast-content-background-meta":{"desktop":{"background-color":"var(--ast-global-color-4)","background-image":"","background-repeat":"repeat","background-position":"center center","background-size":"auto","background-attachment":"scroll","background-type":"","background-media":"","overlay-type":"","overlay-color":"","overlay-opacity":"","overlay-gradient":""},"tablet":{"background-color":"var(--ast-global-color-4)","background-image":"","background-repeat":"repeat","background-position":"center center","background-size":"auto","background-attachment":"scroll","background-type":"","background-media":"","overlay-type":"","overlay-color":"","overlay-opacity":"","overlay-gradient":""},"mobile":{"background-color":"var(--ast-global-color-4)","background-image":"","background-repeat":"repeat","background-position":"center center","background-size":"auto","background-attachment":"scroll","background-type":"","background-media":"","overlay-type":"","overlay-color":"","overlay-opacity":"","overlay-gradient":""}},"two_page_speed":[],"footnotes":""},"class_list":["post-120","page","type-page","status-publish","hentry"],"_links":{"self":[{"href":"https:\/\/gdsa25.piegelin.eu\/index.php\/wp-json\/wp\/v2\/pages\/120","targetHints":{"allow":["GET"]}}],"collection":[{"href":"https:\/\/gdsa25.piegelin.eu\/index.php\/wp-json\/wp\/v2\/pages"}],"about":[{"href":"https:\/\/gdsa25.piegelin.eu\/index.php\/wp-json\/wp\/v2\/types\/page"}],"author":[{"embeddable":true,"href":"https:\/\/gdsa25.piegelin.eu\/index.php\/wp-json\/wp\/v2\/users\/1"}],"replies":[{"embeddable":true,"href":"https:\/\/gdsa25.piegelin.eu\/index.php\/wp-json\/wp\/v2\/comments?post=120"}],"version-history":[{"count":61,"href":"https:\/\/gdsa25.piegelin.eu\/index.php\/wp-json\/wp\/v2\/pages\/120\/revisions"}],"predecessor-version":[{"id":848,"href":"https:\/\/gdsa25.piegelin.eu\/index.php\/wp-json\/wp\/v2\/pages\/120\/revisions\/848"}],"wp:attachment":[{"href":"https:\/\/gdsa25.piegelin.eu\/index.php\/wp-json\/wp\/v2\/media?parent=120"}],"curies":[{"name":"wp","href":"https:\/\/api.w.org\/{rel}","templated":true}]}}