{"id":367,"date":"2026-01-16T19:52:26","date_gmt":"2026-01-16T18:52:26","guid":{"rendered":"http:\/\/192.168.1.130\/?page_id=367"},"modified":"2026-04-04T20:03:53","modified_gmt":"2026-04-04T18:03:53","slug":"adherer-au-gdsa","status":"publish","type":"page","link":"https:\/\/gdsa25.piegelin.eu\/index.php\/adherer-au-gdsa\/","title":{"rendered":"Adh\u00e9rer au GDSA"},"content":{"rendered":"\t\t<div data-elementor-type=\"wp-page\" data-elementor-id=\"367\" class=\"elementor elementor-367\">\n\t\t\t\t<div class=\"elementor-element elementor-element-c95a63c e-flex e-con-boxed e-con e-parent\" data-id=\"c95a63c\" data-element_type=\"container\" data-e-type=\"container\">\n\t\t\t\t\t<div class=\"e-con-inner\">\n\t\t\t\t<div class=\"elementor-element elementor-element-d20c097 elementor-widget elementor-widget-heading\" data-id=\"d20c097\" data-element_type=\"widget\" data-e-type=\"widget\" data-widget_type=\"heading.default\">\n\t\t\t\t\t<h2 class=\"elementor-heading-title elementor-size-default\">Bulletin d'adhesion 2026<\/h2>\t\t\t\t<\/div>\n\t\t\t\t\t<\/div>\n\t\t\t\t<\/div>\n\t\t<div class=\"elementor-element elementor-element-37ad38d e-flex e-con-boxed e-con e-parent\" data-id=\"37ad38d\" data-element_type=\"container\" data-e-type=\"container\">\n\t\t\t\t\t<div class=\"e-con-inner\">\n\t\t\t\t<div class=\"elementor-element elementor-element-632feb0 elementor-widget elementor-widget-text-editor\" data-id=\"632feb0\" data-element_type=\"widget\" data-e-type=\"widget\" data-widget_type=\"text-editor.default\">\n\t\t\t\t\t\t\t\t\t<p class=\"font_7 wixui-rich-text__text\" style=\"background: transparent; pointer-events: auto; font-style: normal; font-variant-numeric: normal; font-variant-east-asian: normal; font-variant-alternates: normal; font-size-adjust: none; font-language-override: normal; font-kerning: auto; font-optical-sizing: auto; font-feature-settings: normal; font-variation-settings: normal; font-variant-position: normal; font-variant-emoji: normal; font-weight: 400; font-stretch: normal; font-size: 19px; line-height: normal; font-family: 'noticia text', serif; color: #233d3e; margin-block: 0px; margin-bottom: 0px; text-align: center;\"><span class=\"wixui-rich-text__text\" style=\"background: transparent; border: 0px; margin: 0px; outline: 0px; padding: 0px; vertical-align: baseline;\"><strong>Comme l&rsquo;an dernier, le bulletin d&rsquo;adh\u00e9sion sera coupl\u00e9 avec la commande de m\u00e9dicaments<\/strong>.<\/span><\/p><p class=\"font_7 wixui-rich-text__text\" style=\"background: transparent; pointer-events: auto; font-style: normal; font-variant-numeric: normal; font-variant-east-asian: normal; font-variant-alternates: normal; font-size-adjust: none; font-language-override: normal; font-kerning: auto; font-optical-sizing: auto; font-feature-settings: normal; font-variation-settings: normal; font-variant-position: normal; font-variant-emoji: normal; font-weight: 400; font-stretch: normal; font-size: 19px; line-height: normal; font-family: 'noticia text', serif; color: #233d3e; margin-block: 0px; margin-bottom: 0px; text-align: center;\">\u00a0<\/p><p class=\"font_7 wixui-rich-text__text\" style=\"background: transparent; pointer-events: auto; font-style: normal; font-variant-numeric: normal; font-variant-east-asian: normal; font-variant-alternates: normal; font-size-adjust: none; font-language-override: normal; font-kerning: auto; font-optical-sizing: auto; font-feature-settings: normal; font-variation-settings: normal; font-variant-position: normal; font-variant-emoji: normal; font-weight: 400; font-stretch: normal; font-size: 17px; line-height: normal; font-family: 'noticia text', serif; color: #233d3e; margin-block: 0px; margin-bottom: 0px; text-align: center;\"><span class=\"wixui-rich-text__text\" style=\"background: transparent; border: 0px; margin: 0px; outline: 0px; padding: 0px; vertical-align: baseline;\"><span class=\"wixui-rich-text__text\" style=\"background: transparent; border: 0px; margin: 0px; outline: 0px; padding: 0px; vertical-align: baseline; color: #69b7bc; font-weight: bold;\">POUR TOUS RENSEIGNEMENTS CONTACT\u00a0<\/span><\/span><span class=\"wixui-rich-text__text\" style=\"background: transparent; border: 0px; margin: 0px; outline: 0px; padding: 0px; vertical-align: baseline; color: #30302f;\"><span class=\"wixui-rich-text__text\" style=\"background: transparent; border: 0px; margin: 0px; outline: 0px; padding: 0px; vertical-align: baseline;\"><span class=\"wixui-rich-text__text\" style=\"background: transparent; border: 0px; margin: 0px; outline: 0px; padding: 0px; vertical-align: baseline;\"><span class=\"wixui-rich-text__text\" style=\"background: transparent; border: 0px; margin: 0px; outline: 0px; padding: 0px; vertical-align: baseline;\"><span class=\"wixui-rich-text__text\" style=\"background: transparent; border: 0px; margin: 0px; outline: 0px; padding: 0px; vertical-align: baseline; font-size: 13px;\"><span class=\"wixui-rich-text__text\" style=\"background: transparent; border: 0px; margin: 0px; outline: 0px; padding: 0px; vertical-align: baseline;\"><span class=\"wixui-rich-text__text\" style=\"background: transparent; border: 0px; margin: 0px; outline: 0px; padding: 0px; vertical-align: baseline; text-decoration-line: underline;\"><a class=\"wixui-rich-text__text\" style=\"background-image: initial; background-position: initial; background-size: initial; background-repeat: initial; background-attachment: initial; background-origin: initial; background-clip: initial; border: 0px; margin: 0px; outline: 0px; padding: 0px; vertical-align: baseline; cursor: pointer; text-decoration-line: none;\" href=\"mailto:gdsapicole25@gmail.com\" target=\"_self\">gdsapicole25@gmail.com<\/a><\/span><\/span><\/span><\/span><\/span><\/span><\/span><\/p>\t\t\t\t\t\t\t\t<\/div>\n\t\t\t\t\t<\/div>\n\t\t\t\t<\/div>\n\t\t<div class=\"elementor-element elementor-element-725dea5 e-flex e-con-boxed e-con e-parent\" data-id=\"725dea5\" data-element_type=\"container\" data-e-type=\"container\">\n\t\t\t\t\t<div class=\"e-con-inner\">\n\t\t<div class=\"elementor-element elementor-element-4c2a1ef e-con-full e-flex e-con e-child\" data-id=\"4c2a1ef\" data-element_type=\"container\" data-e-type=\"container\">\n\t\t\t\t<div class=\"elementor-element elementor-element-43fe4b0 elementor-widget elementor-widget-text-editor\" data-id=\"43fe4b0\" data-element_type=\"widget\" data-e-type=\"widget\" data-widget_type=\"text-editor.default\">\n\t\t\t\t\t\t\t\t\t<p><img decoding=\"async\" src=\"https:\/\/static.wixstatic.com\/media\/3b2ef2_2bbba482fa52456a9690d461a3636cbf~mv2.jpg\/v1\/fill\/w_388,h_291,al_c,q_80,usm_0.66_1.00_0.01,enc_avif,quality_auto\/macro-antennes-op.jpg\" alt=\"macro-antennes-op.jpg\" \/><\/p>\t\t\t\t\t\t\t\t<\/div>\n\t\t\t\t<\/div>\n\t\t<div class=\"elementor-element elementor-element-f3148dd e-con-full e-flex e-con e-child\" data-id=\"f3148dd\" data-element_type=\"container\" data-e-type=\"container\">\n\t\t\t\t<div class=\"elementor-element elementor-element-53f08c8 elementor-widget elementor-widget-text-editor\" data-id=\"53f08c8\" data-element_type=\"widget\" data-e-type=\"widget\" data-widget_type=\"text-editor.default\">\n\t\t\t\t\t\t\t\t\t<p><img decoding=\"async\" src=\"https:\/\/static.wixstatic.com\/media\/3b2ef2_8a6852ca38c64a3aaf7dcb3a1a817555~mv2.png\/v1\/fill\/w_365,h_402,al_c,q_85,usm_0.66_1.00_0.01,enc_avif,quality_auto\/declare%20vos%20ruches_PNG.png\" alt=\"declare vos ruches.PNG\" \/><\/p>\t\t\t\t\t\t\t\t<\/div>\n\t\t\t\t<\/div>\n\t\t\t\t\t<\/div>\n\t\t\t\t<\/div>\n\t\t\t\t<\/div>\n\t\t","protected":false},"excerpt":{"rendered":"<p>Bulletin d&rsquo;adhesion 2026 Comme l&rsquo;an dernier, le bulletin d&rsquo;adh\u00e9sion sera coupl\u00e9 avec la commande de m\u00e9dicaments. \u00a0 POUR TOUS RENSEIGNEMENTS [&hellip;]<\/p>\n","protected":false},"author":1,"featured_media":0,"parent":0,"menu_order":0,"comment_status":"closed","ping_status":"closed","template":"","meta":{"site-sidebar-layout":"no-sidebar","site-content-layout":"","ast-site-content-layout":"full-width-container","site-content-style":"default","site-sidebar-style":"default","ast-global-header-display":"","ast-banner-title-visibility":"","ast-main-header-display":"","ast-hfb-above-header-display":"","ast-hfb-below-header-display":"","ast-hfb-mobile-header-display":"","site-post-title":"","ast-breadcrumbs-content":"","ast-featured-img":"disabled","footer-sml-layout":"","ast-disable-related-posts":"","theme-transparent-header-meta":"","adv-header-id-meta":"","stick-header-meta":"","header-above-stick-meta":"","header-main-stick-meta":"","header-below-stick-meta":"","astra-migrate-meta-layouts":"default","ast-page-background-enabled":"default","ast-page-background-meta":{"desktop":{"background-color":"var(--ast-global-color-5)","background-image":"","background-repeat":"repeat","background-position":"center center","background-size":"auto","background-attachment":"scroll","background-type":"","background-media":"","overlay-type":"","overlay-color":"","overlay-opacity":"","overlay-gradient":""},"tablet":{"background-color":"","background-image":"","background-repeat":"repeat","background-position":"center center","background-size":"auto","background-attachment":"scroll","background-type":"","background-media":"","overlay-type":"","overlay-color":"","overlay-opacity":"","overlay-gradient":""},"mobile":{"background-color":"","background-image":"","background-repeat":"repeat","background-position":"center center","background-size":"auto","background-attachment":"scroll","background-type":"","background-media":"","overlay-type":"","overlay-color":"","overlay-opacity":"","overlay-gradient":""}},"ast-content-background-meta":{"desktop":{"background-color":"var(--ast-global-color-4)","background-image":"","background-repeat":"repeat","background-position":"center center","background-size":"auto","background-attachment":"scroll","background-type":"","background-media":"","overlay-type":"","overlay-color":"","overlay-opacity":"","overlay-gradient":""},"tablet":{"background-color":"var(--ast-global-color-4)","background-image":"","background-repeat":"repeat","background-position":"center center","background-size":"auto","background-attachment":"scroll","background-type":"","background-media":"","overlay-type":"","overlay-color":"","overlay-opacity":"","overlay-gradient":""},"mobile":{"background-color":"var(--ast-global-color-4)","background-image":"","background-repeat":"repeat","background-position":"center center","background-size":"auto","background-attachment":"scroll","background-type":"","background-media":"","overlay-type":"","overlay-color":"","overlay-opacity":"","overlay-gradient":""}},"two_page_speed":[],"footnotes":""},"class_list":["post-367","page","type-page","status-publish","hentry"],"_links":{"self":[{"href":"https:\/\/gdsa25.piegelin.eu\/index.php\/wp-json\/wp\/v2\/pages\/367","targetHints":{"allow":["GET"]}}],"collection":[{"href":"https:\/\/gdsa25.piegelin.eu\/index.php\/wp-json\/wp\/v2\/pages"}],"about":[{"href":"https:\/\/gdsa25.piegelin.eu\/index.php\/wp-json\/wp\/v2\/types\/page"}],"author":[{"embeddable":true,"href":"https:\/\/gdsa25.piegelin.eu\/index.php\/wp-json\/wp\/v2\/users\/1"}],"replies":[{"embeddable":true,"href":"https:\/\/gdsa25.piegelin.eu\/index.php\/wp-json\/wp\/v2\/comments?post=367"}],"version-history":[{"count":13,"href":"https:\/\/gdsa25.piegelin.eu\/index.php\/wp-json\/wp\/v2\/pages\/367\/revisions"}],"predecessor-version":[{"id":984,"href":"https:\/\/gdsa25.piegelin.eu\/index.php\/wp-json\/wp\/v2\/pages\/367\/revisions\/984"}],"wp:attachment":[{"href":"https:\/\/gdsa25.piegelin.eu\/index.php\/wp-json\/wp\/v2\/media?parent=367"}],"curies":[{"name":"wp","href":"https:\/\/api.w.org\/{rel}","templated":true}]}}