{"id":438,"date":"2026-01-20T17:28:25","date_gmt":"2026-01-20T16:28:25","guid":{"rendered":"http:\/\/192.168.1.130\/?page_id=438"},"modified":"2026-01-31T16:07:33","modified_gmt":"2026-01-31T15:07:33","slug":"frelon-asiatique","status":"publish","type":"page","link":"https:\/\/gdsa25.piegelin.eu\/index.php\/frelon-asiatique\/","title":{"rendered":"Frelon Asiatique"},"content":{"rendered":"\t\t<div data-elementor-type=\"wp-page\" data-elementor-id=\"438\" class=\"elementor elementor-438\">\n\t\t\t\t<div class=\"elementor-element elementor-element-7ee5a5c e-flex e-con-boxed e-con e-parent\" data-id=\"7ee5a5c\" data-element_type=\"container\" data-e-type=\"container\">\n\t\t\t\t\t<div class=\"e-con-inner\">\n\t\t\t\t<div class=\"elementor-element elementor-element-86da2b3 elementor-widget elementor-widget-text-editor\" data-id=\"86da2b3\" data-element_type=\"widget\" data-e-type=\"widget\" data-widget_type=\"text-editor.default\">\n\t\t\t\t\t\t\t\t\t<h4 class=\"font_8 wixui-rich-text__text\"><span class=\"wixui-rich-text__text\">Plan de lutte d\u00e9partemental<\/span><\/h4><p class=\"font_8 wixui-rich-text__text\"><span class=\"wixui-rich-text__text\">Les acteurs locaux de l\u2019apiculture se mobilisent pour<\/span><span class=\"wixui-rich-text__text\">\u00a0lutter collectivement contre le frelon asiatique.<\/span><\/p>\t\t\t\t\t\t\t\t<\/div>\n\t\t\t\t\t<\/div>\n\t\t\t\t<\/div>\n\t\t<div class=\"elementor-element elementor-element-109434d e-flex e-con-boxed e-con e-parent\" data-id=\"109434d\" data-element_type=\"container\" data-e-type=\"container\">\n\t\t\t\t\t<div class=\"e-con-inner\">\n\t\t\t\t<div class=\"elementor-element elementor-element-e350c89 elementor-hidden-tablet elementor-hidden-mobile elementor-widget elementor-widget-text-editor\" data-id=\"e350c89\" data-element_type=\"widget\" data-e-type=\"widget\" data-widget_type=\"text-editor.default\">\n\t\t\t\t\t\t\t\t\t<div id=\"comp-ltpi9aqk\" class=\"Z_l5lU ku3DBC zQ9jDz qvSjx3 Vq6kJx comp-ltpi9aqk wixui-rich-text\" data-testid=\"richTextElement\"><p class=\"font_8 wixui-rich-text__text\">\u00a0<\/p><\/div><div id=\"comp-ltpip0wb\" class=\"MazNVa comp-ltpip0wb wixui-image\"><div class=\"j7pOnl\" data-testid=\"linkElement\"><img decoding=\"async\" id=\"img_comp-ltpip0wb\" class=\"BI8PVQ Tj01hh\" src=\"https:\/\/static.wixstatic.com\/media\/3b2ef2_e0322871bb264d3d881424050e03df3a~mv2.jpg\/v1\/fill\/w_197,h_128,al_c,q_80,usm_0.66_1.00_0.01,enc_avif,quality_auto\/APIHD.jpg\" sizes=\"197px\" srcset=\"https:\/\/static.wixstatic.com\/media\/3b2ef2_e0322871bb264d3d881424050e03df3a~mv2.jpg\/v1\/fill\/w_197,h_128,al_c,q_80,usm_0.66_1.00_0.01,enc_avif,quality_auto\/APIHD.jpg 1x, https:\/\/static.wixstatic.com\/media\/3b2ef2_e0322871bb264d3d881424050e03df3a~mv2.jpg\/v1\/fill\/w_364,h_237,al_c,lg_1,q_80,enc_avif,quality_auto\/APIHD.jpg 2x\" alt=\"APIHD.jpg\" width=\"197\" height=\"128\" \/><img decoding=\"async\" id=\"img_comp-ltpir6e3\" class=\"BI8PVQ Tj01hh\" style=\"font-size: 1rem;\" src=\"https:\/\/static.wixstatic.com\/media\/3b2ef2_2db856195cf04608a3eb05d0b015185e~mv2.jpg\/v1\/fill\/w_142,h_147,al_c,q_80,usm_0.66_1.00_0.01,enc_avif,quality_auto\/SAD.jpg\" sizes=\"142px\" srcset=\"https:\/\/static.wixstatic.com\/media\/3b2ef2_2db856195cf04608a3eb05d0b015185e~mv2.jpg\/v1\/fill\/w_142,h_147,al_c,q_80,usm_0.66_1.00_0.01,enc_avif,quality_auto\/SAD.jpg 1x, https:\/\/static.wixstatic.com\/media\/3b2ef2_2db856195cf04608a3eb05d0b015185e~mv2.jpg\/v1\/fill\/w_265,h_274,al_c,lg_1,q_80,enc_avif,quality_auto\/SAD.jpg 2x\" alt=\"SAD.jpg\" width=\"142\" height=\"147\" \/><img decoding=\"async\" id=\"img_comp-ltpiuxvi\" class=\"BI8PVQ Tj01hh\" style=\"font-size: 1rem;\" src=\"https:\/\/static.wixstatic.com\/media\/3b2ef2_d2e4ab94392c4d51b5930ae1166c2686~mv2.png\/v1\/fill\/w_154,h_157,al_c,q_85,enc_avif,quality_auto\/UAMontbe.png\" sizes=\"154px\" srcset=\"https:\/\/static.wixstatic.com\/media\/3b2ef2_d2e4ab94392c4d51b5930ae1166c2686~mv2.png\/v1\/fill\/w_154,h_157,al_c,q_85,enc_avif,quality_auto\/UAMontbe.png 1x, https:\/\/static.wixstatic.com\/media\/3b2ef2_d2e4ab94392c4d51b5930ae1166c2686~mv2.png\/v1\/fill\/w_216,h_220,al_c,lg_1,q_85,enc_avif,quality_auto\/UAMontbe.png 2x\" alt=\"UAMontbe.png\" width=\"154\" height=\"157\" \/><img loading=\"lazy\" decoding=\"async\" id=\"img_comp-ltpix6jy\" class=\"BI8PVQ Tj01hh\" style=\"font-size: 1rem;\" src=\"https:\/\/static.wixstatic.com\/media\/3b2ef2_c8183c8d378f450686d5c4d54ba56c96~mv2.png\/v1\/fill\/w_237,h_152,al_c,q_85,usm_0.66_1.00_0.01,enc_avif,quality_auto\/logo.png\" sizes=\"237px\" srcset=\"https:\/\/static.wixstatic.com\/media\/3b2ef2_c8183c8d378f450686d5c4d54ba56c96~mv2.png\/v1\/fill\/w_237,h_152,al_c,q_85,usm_0.66_1.00_0.01,enc_avif,quality_auto\/logo.png 1x, https:\/\/static.wixstatic.com\/media\/3b2ef2_c8183c8d378f450686d5c4d54ba56c96~mv2.png\/v1\/fill\/w_474,h_304,al_c,q_85,usm_0.66_1.00_0.01,enc_avif,quality_auto\/logo.png 2x\" alt=\"logo.png\" width=\"237\" height=\"152\" \/><img loading=\"lazy\" decoding=\"async\" id=\"img_comp-ltpj8hz7\" class=\"BI8PVQ Tj01hh\" style=\"font-size: 1rem;\" src=\"https:\/\/static.wixstatic.com\/media\/3b2ef2_971b49951b3a4e5fa287441d1edc1315~mv2.png\/v1\/fill\/w_172,h_175,al_c,q_85,usm_0.66_1.00_0.01,enc_avif,quality_auto\/logoGDSA25_PNG.png\" sizes=\"172px\" srcset=\"https:\/\/static.wixstatic.com\/media\/3b2ef2_971b49951b3a4e5fa287441d1edc1315~mv2.png\/v1\/fill\/w_172,h_175,al_c,q_85,usm_0.66_1.00_0.01,enc_avif,quality_auto\/logoGDSA25_PNG.png 1x, https:\/\/static.wixstatic.com\/media\/3b2ef2_971b49951b3a4e5fa287441d1edc1315~mv2.png\/v1\/fill\/w_323,h_329,al_c,lg_1,q_85,enc_avif,quality_auto\/logoGDSA25_PNG.png 2x\" alt=\"logoGDSA25.PNG\" width=\"172\" height=\"175\" \/><\/div><\/div>\t\t\t\t\t\t\t\t<\/div>\n\t\t\t\t\t<\/div>\n\t\t\t\t<\/div>\n\t\t<div class=\"elementor-element elementor-element-bd4190d e-flex e-con-boxed e-con e-parent\" data-id=\"bd4190d\" data-element_type=\"container\" data-e-type=\"container\">\n\t\t\t\t\t<div class=\"e-con-inner\">\n\t\t\t\t<div class=\"elementor-element elementor-element-b24042a elementor-widget elementor-widget-text-editor\" data-id=\"b24042a\" data-element_type=\"widget\" data-e-type=\"widget\" data-widget_type=\"text-editor.default\">\n\t\t\t\t\t\t\t\t\t<ul><li class=\"font_8 wixui-rich-text__text\"><span style=\"text-decoration: underline;\"><span class=\"wixui-rich-text__text\">L\u2019objectif<\/span><span class=\"wixui-rich-text__text\">\u00a0:<\/span><\/span><\/li><li class=\"font_8 wixui-rich-text__text\"><span style=\"font-size: 16px;\">Am\u00e9liorer la s\u00e9curit\u00e9 des apiculteurs, du public et de certaines professions impact\u00e9es,<\/span><\/li><li class=\"font_8 wixui-rich-text__text\"><span class=\"wixui-rich-text__text\">Faire baisser la pression de pr\u00e9dation des frelons asiatiques sur les colonies d\u2019abeilles qui peut provoquer des pertes importantes pour les apiculteurs,<\/span><\/li><\/ul><h3 class=\"font_8 wixui-rich-text__text\"><span style=\"text-decoration: underline;\"><span class=\"wixui-rich-text__text\">Les diff\u00e9rents axes du plan de lutte :<\/span><\/span><\/h3><h5 class=\"font_8 wixui-rich-text__text\"><span class=\"wixui-rich-text__text\">Pr\u00e9vention et formation:<\/span><\/h5><ul><li class=\"wixui-rich-text__text\"><span style=\"font-style: inherit; font-weight: inherit;\">Recruter et former des r\u00e9f\u00e9rents locaux apiculteurs et agents de collectivit\u00e9s,<\/span><\/li><li class=\"font_8 wixui-rich-text__text\"><span class=\"wixui-rich-text__text\">Informer le public et l\u2019ensemble de la fili\u00e8re apicole.<\/span><\/li><li class=\"font_8 wixui-rich-text__text\"><span class=\"wixui-rich-text__text\">Sensibiliser les professionnels \u00e0 risques (agents des espaces verts, paysagistes, forestiers, \u00e9lagueurs) sur la conduite \u00e0 tenir en pr\u00e9sence de\u00a0<\/span><span class=\"wixui-rich-text__text\">nids de frelons asiatiques.<\/span><\/li><li class=\"font_8 wixui-rich-text__text\"><span class=\"wixui-rich-text__text\">Diffuser et promouvoir le plan de lutte.<\/span><\/li><\/ul><h3 class=\"font_8 wixui-rich-text__text\"><span style=\"text-decoration: underline;\"><span class=\"wixui-rich-text__text\">Surveillance:<\/span><\/span><\/h3><ul><li class=\"font_8 wixui-rich-text__text\"><span class=\"wixui-rich-text__text\">A l\u2019aide d\u2019un r\u00e9seau dense de r\u00e9f\u00e9rents frelons sur l\u2019ensemble du d\u00e9partement.<\/span><\/li><li class=\"font_8 wixui-rich-text__text\"><span class=\"wixui-rich-text__text\">Gr\u00e2ce au plan de pi\u00e9geage et de lutte avec des synergies avec les collectivit\u00e9s locales.<\/span><\/li><li class=\"font_8 wixui-rich-text__text\"><span class=\"wixui-rich-text__text\">Encourager \u00e0 signaler la pr\u00e9sence de frelons et de nids sur le site lefrelon.com<\/span><\/li><\/ul><h3 class=\"font_8 wixui-rich-text__text\"><span style=\"text-decoration: underline;\"><span class=\"wixui-rich-text__text\">Lutte:<\/span><\/span><\/h3><ul><li class=\"font_8 wixui-rich-text__text\"><span class=\"wixui-rich-text__text\">D\u00e9velopper la recher<\/span><span class=\"wixui-rich-text__text\">che des nids primaires et secondaires.<\/span><\/li><li class=\"font_8 wixui-rich-text__text\"><span class=\"wixui-rich-text__text\">Aider au d\u00e9veloppement de techniques permettant une d\u00e9tection pr\u00e9coce des nids.<\/span><\/li><li class=\"font_8 wixui-rich-text__text\"><span class=\"wixui-rich-text__text\">Faire appel au r\u00e9seau de d\u00e9sinsectiseurs professionnels chart\u00e9s afin de faire respecter les bonnes pratiques de destruction,<\/span><\/li><li class=\"font_8 wixui-rich-text__text\"><span class=\"wixui-rich-text__text\">Favoriser l\u2019utilisation de pi\u00e8ges nasses pour limiter l\u2019impact sur l\u2019entomofaune.<\/span><\/li><\/ul>\t\t\t\t\t\t\t\t<\/div>\n\t\t\t\t\t<\/div>\n\t\t\t\t<\/div>\n\t\t<div class=\"elementor-element elementor-element-198fc79 e-flex e-con-boxed e-con e-parent\" data-id=\"198fc79\" data-element_type=\"container\" data-e-type=\"container\">\n\t\t\t\t\t<div class=\"e-con-inner\">\n\t\t<div class=\"elementor-element elementor-element-de311f0 e-con-full e-flex e-con e-child\" data-id=\"de311f0\" data-element_type=\"container\" data-e-type=\"container\">\n\t\t\t\t<div class=\"elementor-element elementor-element-537fc64 elementor-widget elementor-widget-text-editor\" data-id=\"537fc64\" data-element_type=\"widget\" data-e-type=\"widget\" data-widget_type=\"text-editor.default\">\n\t\t\t\t\t\t\t\t\t<p>Avec le soutien financ\u00e9 de FRANCE NATION VERTE<\/p><ul><li><span style=\"color: #ff0000;\"><strong>Signalon la pr\u00e9sence du frelon asiatique \u00e0 pattes jaunes. <a href=\"http:\/\/www.lefrelon.com\" target=\"_blank\" rel=\"noopener\">\u00ab\u00a0site officiel\u00a0\u00bb<\/a><\/strong><\/span><\/li><li>\u00a0<\/li><li><a href=\"https:\/\/gdsa25.piegelin.eu\/wp-content\/uploads\/2026\/01\/Protocole-aide-Fonds-Vert_2025.pdf\" target=\"_blank\" rel=\"noopener\"><span style=\"text-decoration: underline;\"><strong>Aide financi\u00e8re<\/strong><\/span>\u00a0pour la destruction des nids de frelons asiatiques<\/a><\/li><li>\u00a0<\/li><li>Reconnaitre le frelon asiatique \u00e0 pattes jaunes.\u00a0 \u00a0 \u00a0 \u00a0 \u00a0<img decoding=\"async\" src=\"data:image\/png;base64,iVBORw0KGgoAAAANSUhEUgAAAHYAAAAgCAYAAADHcIz7AAAAAXNSR0IArs4c6QAAAARnQU1BAACxjwv8YQUAAAAJcEhZcwAADsMAAA7DAcdvqGQAAAHSSURBVGhD7do9T8JAHMfxX91AXYAgbi1dxSi6iDHRGBNX6wj6AkAXNx9GuumiUUYddNBBd8WoGEbRF2BSHE1wwr1ONfQC9IGE3pH\/d+tdt0\/TpzvJNE0TFBclUhoA4OrsAMsLaXbaU0PsABVckiRBTmvI5ou4f35jpz1FsJw1GlMgpzVsbus94RIsh7XiPrz4wyVYTrNwN7Z0lCvecQmW4yzcXEHH42uNne4awXKehZvNF1GuuMeVWj93DkvX9lmqrx2VbjCxssMOAwCaDQP12q3rTyEbbCKlIa7O2c+g+tqYmmGH\/ms2DHy93+HydN8R1wY7Prne8Yqh+Oj3x0C95oxLz1jBGokqkKfXHF+oCFbARmIKFIe3ZYIVtOGojGQXXIIVuHBUhjrTHpdgBS8UaY9LsANQKCIjyeDaYGlpVtzCERlxNYNcQcdT9cMOK0lS6yElUM2Gge\/PKs6Pd7E0P0W34kHI+t14cbKH1cVZgL0VU+LVDhUEK3adUEGw4tYNFQQrZk6oIFjxcoMKdtmO1mODz2k91g0qWFjaQRFsbnZQuEEFC0sFW6eNDl5RQc9Y\/vODCoLlO7+oIFh+6wUVBMtnvaKCYPnKNE3b\/mG\/qADwB79Z9VIR4klKAAAAAElFTkSuQmCC\" alt=\"\" \/><\/li><\/ul><ul><li><a href=\"https:\/\/gdsa25.piegelin.eu\/wp-content\/uploads\/2026\/01\/2024_PLAN_FRELON_FNOSAD_GDS.pdf\">Strat\u00e9gie et plan nationnal de lutte contre le frelon \u00e0 pattes jaunes.<\/a><\/li><\/ul>\t\t\t\t\t\t\t\t<\/div>\n\t\t\t\t<\/div>\n\t\t<div class=\"elementor-element elementor-element-d9c0063 e-con-full e-flex e-con e-child\" data-id=\"d9c0063\" data-element_type=\"container\" data-e-type=\"container\">\n\t\t\t\t<div class=\"elementor-element elementor-element-cb51070 elementor-widget elementor-widget-text-editor\" data-id=\"cb51070\" data-element_type=\"widget\" data-e-type=\"widget\" data-widget_type=\"text-editor.default\">\n\t\t\t\t\t\t\t\t\t<p><img decoding=\"async\" src=\"https:\/\/static.wixstatic.com\/media\/3b2ef2_df4da35ac3d0410085f771995c03a17f~mv2.png\/v1\/fill\/w_732,h_371,al_c,q_85,usm_0.66_1.00_0.01,enc_avif,quality_auto\/les%20deux%20frelons.png\" alt=\"les deux frelons.png\" \/><\/p>\t\t\t\t\t\t\t\t<\/div>\n\t\t\t\t<\/div>\n\t\t\t\t\t<\/div>\n\t\t\t\t<\/div>\n\t\t<div class=\"elementor-element elementor-element-f7b95aa e-flex e-con-boxed e-con e-parent\" data-id=\"f7b95aa\" data-element_type=\"container\" data-e-type=\"container\">\n\t\t\t\t\t<div class=\"e-con-inner\">\n\t\t<div class=\"elementor-element elementor-element-60a90d6 e-con-full e-flex e-con e-child\" data-id=\"60a90d6\" data-element_type=\"container\" data-e-type=\"container\">\n\t\t\t\t<div class=\"elementor-element elementor-element-1f50c9c elementor-widget elementor-widget-text-editor\" data-id=\"1f50c9c\" data-element_type=\"widget\" data-e-type=\"widget\" data-widget_type=\"text-editor.default\">\n\t\t\t\t\t\t\t\t\t<p><img decoding=\"async\" src=\"https:\/\/static.wixstatic.com\/media\/3b2ef2_f9457ef382774d8380205ded683a14b4~mv2.png\/v1\/fill\/w_548,h_242,al_c,q_85,usm_0.66_1.00_0.01,enc_avif,quality_auto\/frelon_PNG.png\" alt=\"frelon.PNG\" \/><\/p>\t\t\t\t\t\t\t\t<\/div>\n\t\t\t\t<\/div>\n\t\t<div class=\"elementor-element elementor-element-22cd068 e-con-full e-flex e-con e-child\" data-id=\"22cd068\" data-element_type=\"container\" data-e-type=\"container\">\n\t\t<div class=\"elementor-element elementor-element-aac9b85 e-con-full e-flex e-con e-child\" data-id=\"aac9b85\" data-element_type=\"container\" data-e-type=\"container\">\n\t\t\t\t<div class=\"elementor-element elementor-element-c5ab303 elementor-widget elementor-widget-text-editor\" data-id=\"c5ab303\" data-element_type=\"widget\" data-e-type=\"widget\" data-widget_type=\"text-editor.default\">\n\t\t\t\t\t\t\t\t\t<p><strong>Frelon asiatique : Pr\u00e9dation sur mes ruches, que faire ?<\/strong><\/p>\t\t\t\t\t\t\t\t<\/div>\n\t\t\t\t<\/div>\n\t\t<div class=\"elementor-element elementor-element-dc1dc54 e-con-full e-flex e-con e-child\" data-id=\"dc1dc54\" data-element_type=\"container\" data-e-type=\"container\">\n\t\t\t\t<div class=\"elementor-element elementor-element-ec765e8 elementor-align-center elementor-widget elementor-widget-button\" data-id=\"ec765e8\" data-element_type=\"widget\" data-e-type=\"widget\" data-widget_type=\"button.default\">\n\t\t\t\t\t\t\t\t\t\t<a class=\"elementor-button elementor-button-link elementor-size-sm\" href=\"https:\/\/www.youtube.com\/watch?v=aPGr9E7aPGQ\" target=\"_blank\">\n\t\t\t\t\t\t<span class=\"elementor-button-content-wrapper\">\n\t\t\t\t\t\t\t\t\t<span class=\"elementor-button-text\">Que faire \/ Lien youtube<\/span>\n\t\t\t\t\t<\/span>\n\t\t\t\t\t<\/a>\n\t\t\t\t\t\t\t\t<\/div>\n\t\t\t\t<\/div>\n\t\t\t\t<\/div>\n\t\t\t\t\t<\/div>\n\t\t\t\t<\/div>\n\t\t<div class=\"elementor-element elementor-element-2f7295f e-flex e-con-boxed e-con e-parent\" data-id=\"2f7295f\" data-element_type=\"container\" data-e-type=\"container\">\n\t\t\t\t\t<div class=\"e-con-inner\">\n\t\t<div class=\"elementor-element elementor-element-277cce9 e-con-full e-flex e-con e-child\" data-id=\"277cce9\" data-element_type=\"container\" data-e-type=\"container\">\n\t\t\t\t<\/div>\n\t\t\t\t\t<\/div>\n\t\t\t\t<\/div>\n\t\t\t\t<\/div>\n\t\t","protected":false},"excerpt":{"rendered":"<p>Plan de lutte d\u00e9partemental Les acteurs locaux de l\u2019apiculture se mobilisent pour\u00a0lutter collectivement contre le frelon asiatique. \u00a0 L\u2019objectif\u00a0: Am\u00e9liorer [&hellip;]<\/p>\n","protected":false},"author":1,"featured_media":0,"parent":0,"menu_order":0,"comment_status":"closed","ping_status":"closed","template":"","meta":{"site-sidebar-layout":"no-sidebar","site-content-layout":"","ast-site-content-layout":"full-width-container","site-content-style":"default","site-sidebar-style":"default","ast-global-header-display":"","ast-banner-title-visibility":"","ast-main-header-display":"","ast-hfb-above-header-display":"","ast-hfb-below-header-display":"","ast-hfb-mobile-header-display":"","site-post-title":"","ast-breadcrumbs-content":"","ast-featured-img":"disabled","footer-sml-layout":"","ast-disable-related-posts":"","theme-transparent-header-meta":"","adv-header-id-meta":"","stick-header-meta":"","header-above-stick-meta":"","header-main-stick-meta":"","header-below-stick-meta":"","astra-migrate-meta-layouts":"default","ast-page-background-enabled":"default","ast-page-background-meta":{"desktop":{"background-color":"var(--ast-global-color-5)","background-image":"","background-repeat":"repeat","background-position":"center center","background-size":"auto","background-attachment":"scroll","background-type":"","background-media":"","overlay-type":"","overlay-color":"","overlay-opacity":"","overlay-gradient":""},"tablet":{"background-color":"","background-image":"","background-repeat":"repeat","background-position":"center center","background-size":"auto","background-attachment":"scroll","background-type":"","background-media":"","overlay-type":"","overlay-color":"","overlay-opacity":"","overlay-gradient":""},"mobile":{"background-color":"","background-image":"","background-repeat":"repeat","background-position":"center center","background-size":"auto","background-attachment":"scroll","background-type":"","background-media":"","overlay-type":"","overlay-color":"","overlay-opacity":"","overlay-gradient":""}},"ast-content-background-meta":{"desktop":{"background-color":"var(--ast-global-color-4)","background-image":"","background-repeat":"repeat","background-position":"center center","background-size":"auto","background-attachment":"scroll","background-type":"","background-media":"","overlay-type":"","overlay-color":"","overlay-opacity":"","overlay-gradient":""},"tablet":{"background-color":"var(--ast-global-color-4)","background-image":"","background-repeat":"repeat","background-position":"center center","background-size":"auto","background-attachment":"scroll","background-type":"","background-media":"","overlay-type":"","overlay-color":"","overlay-opacity":"","overlay-gradient":""},"mobile":{"background-color":"var(--ast-global-color-4)","background-image":"","background-repeat":"repeat","background-position":"center center","background-size":"auto","background-attachment":"scroll","background-type":"","background-media":"","overlay-type":"","overlay-color":"","overlay-opacity":"","overlay-gradient":""}},"two_page_speed":[],"footnotes":""},"class_list":["post-438","page","type-page","status-publish","hentry"],"_links":{"self":[{"href":"https:\/\/gdsa25.piegelin.eu\/index.php\/wp-json\/wp\/v2\/pages\/438","targetHints":{"allow":["GET"]}}],"collection":[{"href":"https:\/\/gdsa25.piegelin.eu\/index.php\/wp-json\/wp\/v2\/pages"}],"about":[{"href":"https:\/\/gdsa25.piegelin.eu\/index.php\/wp-json\/wp\/v2\/types\/page"}],"author":[{"embeddable":true,"href":"https:\/\/gdsa25.piegelin.eu\/index.php\/wp-json\/wp\/v2\/users\/1"}],"replies":[{"embeddable":true,"href":"https:\/\/gdsa25.piegelin.eu\/index.php\/wp-json\/wp\/v2\/comments?post=438"}],"version-history":[{"count":73,"href":"https:\/\/gdsa25.piegelin.eu\/index.php\/wp-json\/wp\/v2\/pages\/438\/revisions"}],"predecessor-version":[{"id":829,"href":"https:\/\/gdsa25.piegelin.eu\/index.php\/wp-json\/wp\/v2\/pages\/438\/revisions\/829"}],"wp:attachment":[{"href":"https:\/\/gdsa25.piegelin.eu\/index.php\/wp-json\/wp\/v2\/media?parent=438"}],"curies":[{"name":"wp","href":"https:\/\/api.w.org\/{rel}","templated":true}]}}