{"id":588,"date":"2026-01-26T11:52:01","date_gmt":"2026-01-26T10:52:01","guid":{"rendered":"http:\/\/192.168.1.130\/?page_id=588"},"modified":"2026-01-31T16:03:03","modified_gmt":"2026-01-31T15:03:03","slug":"commander-les-traitements","status":"publish","type":"page","link":"https:\/\/gdsa25.piegelin.eu\/index.php\/commander-les-traitements\/","title":{"rendered":"Commander les traitements"},"content":{"rendered":"\t\t<div data-elementor-type=\"wp-page\" data-elementor-id=\"588\" class=\"elementor elementor-588\">\n\t\t\t\t<div class=\"elementor-element elementor-element-d07c995 e-flex e-con-boxed e-con e-parent\" data-id=\"d07c995\" data-element_type=\"container\" data-e-type=\"container\">\n\t\t\t\t\t<div class=\"e-con-inner\">\n\t\t\t\t<div class=\"elementor-element elementor-element-b889311 elementor-widget elementor-widget-image\" data-id=\"b889311\" data-element_type=\"widget\" data-e-type=\"widget\" data-widget_type=\"image.default\">\n\t\t\t\t\t\t\t\t\t\t\t\t\t\t\t<img decoding=\"async\" src=\"https:\/\/gdsa25.piegelin.eu\/wp-content\/uploads\/2026\/01\/Apiculteurs.jpg\" title=\"Apiculteurs\" alt=\"Apiculteurs\" loading=\"lazy\" \/>\t\t\t\t\t\t\t\t\t\t\t\t\t\t\t<\/div>\n\t\t\t\t\t<\/div>\n\t\t\t\t<\/div>\n\t\t<div class=\"elementor-element elementor-element-7bad3d6 e-flex e-con-boxed e-con e-parent\" data-id=\"7bad3d6\" data-element_type=\"container\" data-e-type=\"container\">\n\t\t\t\t\t<div class=\"e-con-inner\">\n\t\t\t\t<div class=\"elementor-element elementor-element-ac2f95c elementor-widget elementor-widget-text-editor\" data-id=\"ac2f95c\" data-element_type=\"widget\" data-e-type=\"widget\" data-widget_type=\"text-editor.default\">\n\t\t\t\t\t\t\t\t\t<h3><a href=\"https:\/\/gdsa25.piegelin.eu\/wp-content\/uploads\/2026\/01\/Adhesion-2025-commande-gdsa25-.pdf\" target=\"_blank\" rel=\"noopener\"><strong><span style=\"color: #3366ff;\">Bulletin adh\u00e9sion GDSA et commande m\u00e9dicaments 2025 disponible .<\/span><\/strong><\/a><\/h3><p style=\"text-align: center;\"><span style=\"color: #ff0000;\">\u00c0 nous retourner AVANT le 01 JUIN 2025<\/span><\/p>\t\t\t\t\t\t\t\t<\/div>\n\t\t\t\t\t<\/div>\n\t\t\t\t<\/div>\n\t\t<div class=\"elementor-element elementor-element-3999edd e-flex e-con-boxed e-con e-parent\" data-id=\"3999edd\" data-element_type=\"container\" data-e-type=\"container\">\n\t\t\t\t\t<div class=\"e-con-inner\">\n\t\t\t\t<div class=\"elementor-element elementor-element-45ddf9b elementor-widget elementor-widget-text-editor\" data-id=\"45ddf9b\" data-element_type=\"widget\" data-e-type=\"widget\" data-widget_type=\"text-editor.default\">\n\t\t\t\t\t\t\t\t\t<div id=\"comp-jvm134cy\" class=\"Z_l5lU MMl86N zQ9jDz qvSjx3 Vq6kJx comp-jvm134cy wixui-rich-text\" data-testid=\"richTextElement\"><h5 class=\"font_5 wixui-rich-text__text\">Lettre d&rsquo;accompagnement<\/h5><\/div><div id=\"comp-jvm14dqy\" class=\"Z_l5lU ku3DBC zQ9jDz qvSjx3 Vq6kJx comp-jvm14dqy wixui-rich-text\" data-testid=\"richTextElement\"><p class=\"font_7 wixui-rich-text__text\"><span class=\"wixui-rich-text__text\">Tous les ans c\u2019est une centaine de bulletins d\u2019adh\u00e9sion ou de commande qui comportent<br class=\"wixui-rich-text__text\" \/>des erreurs !<br class=\"wixui-rich-text__text\" \/>Avant de renvoyer votre bon d\u2019adh\u00e9sion et de commande<br class=\"wixui-rich-text__text\" \/>1 &#8211; Respectez les dates de commandes.<br class=\"wixui-rich-text__text\" \/>2 &#8211; Avant d\u2019envoyer votre commande, v\u00e9rifiez bien le total.<br class=\"wixui-rich-text__text\" \/>3 &#8211; N\u2019oubliez pas les frais d\u2019adh\u00e9sion GDSA et GDS Bourgogne Franche- Comt\u00e9. 1\u20ac et 0,20\u20ac par<br class=\"wixui-rich-text__text\" \/>ruche.<br class=\"wixui-rich-text__text\" \/>4 &#8211; Si vous prenez l\u2019abonnement \u00e0 la Sant\u00e9 de l\u2019Abeille n\u2019oubliez pas de le compter (l\u00e9g\u00e8re<br class=\"wixui-rich-text__text\" \/>augmentation cette ann\u00e9e de 1\u20ac).<br class=\"wixui-rich-text__text\" \/>5 &#8211; Ne commandez que ce dont vous avez besoin et donc ce \u00e0 quoi vous avez droit (dans le cadre du<br class=\"wixui-rich-text__text\" \/>Programme Sanitaire d\u2019Elevage, PSE). Pas de commande pour d\u00e9panner les copains.<br class=\"wixui-rich-text__text\" \/>6 &#8211; Toute commande sup\u00e9rieure \u00e0 votre nombre de ruches d\u2019adh\u00e9sion sera ramen\u00e9e \u00e0 celui-ci.<br class=\"wixui-rich-text__text\" \/>7 &#8211; Si vous voulez plus de m\u00e9dicaments, augmentez votre nombre de ruches sur le formulaire<br class=\"wixui-rich-text__text\" \/>d\u2019adh\u00e9sion.<br class=\"wixui-rich-text__text\" \/>8 &#8211; D\u00e9clarez le nombre de ruches en mai ou juin, pas le nombre d\u00e9clar\u00e9 officiellement en d\u00e9cembre<br class=\"wixui-rich-text__text\" \/>2022, anticipez les essaims que vous allez cr\u00e9er.<br class=\"wixui-rich-text__text\" \/>9 &#8211; Pr\u00e9voyez votre bi-traitement (traitement d\u2019hiver). Vous ne pourrez pas commander en octobre.<br class=\"wixui-rich-text__text\" \/>10 &#8211; Indiquez (en surlignant par exemple) s\u2019il y a changement d\u2019adresse.<br class=\"wixui-rich-text__text\" \/>11 &#8211; Si vous \u00e9tiez adh\u00e9rent.e l\u2019ann\u00e9e derni\u00e8re, pas besoin de renvoyer la charte, votre engagement est<br class=\"wixui-rich-text__text\" \/>valable 5 ans. Par contre les nouveaux adh\u00e9rents doivent obligatoirement signer cette charte.<\/span><\/p><\/div>\t\t\t\t\t\t\t\t<\/div>\n\t\t\t\t\t<\/div>\n\t\t\t\t<\/div>\n\t\t\t\t<\/div>\n\t\t","protected":false},"excerpt":{"rendered":"<p>Bulletin adh\u00e9sion GDSA et commande m\u00e9dicaments 2025 disponible . \u00c0 nous retourner AVANT le 01 JUIN 2025 Lettre d&rsquo;accompagnement Tous [&hellip;]<\/p>\n","protected":false},"author":1,"featured_media":0,"parent":0,"menu_order":0,"comment_status":"closed","ping_status":"closed","template":"","meta":{"site-sidebar-layout":"no-sidebar","site-content-layout":"","ast-site-content-layout":"full-width-container","site-content-style":"default","site-sidebar-style":"default","ast-global-header-display":"","ast-banner-title-visibility":"","ast-main-header-display":"","ast-hfb-above-header-display":"","ast-hfb-below-header-display":"","ast-hfb-mobile-header-display":"","site-post-title":"","ast-breadcrumbs-content":"","ast-featured-img":"disabled","footer-sml-layout":"","ast-disable-related-posts":"","theme-transparent-header-meta":"","adv-header-id-meta":"","stick-header-meta":"","header-above-stick-meta":"","header-main-stick-meta":"","header-below-stick-meta":"","astra-migrate-meta-layouts":"default","ast-page-background-enabled":"default","ast-page-background-meta":{"desktop":{"background-color":"var(--ast-global-color-5)","background-image":"","background-repeat":"repeat","background-position":"center center","background-size":"auto","background-attachment":"scroll","background-type":"","background-media":"","overlay-type":"","overlay-color":"","overlay-opacity":"","overlay-gradient":""},"tablet":{"background-color":"","background-image":"","background-repeat":"repeat","background-position":"center center","background-size":"auto","background-attachment":"scroll","background-type":"","background-media":"","overlay-type":"","overlay-color":"","overlay-opacity":"","overlay-gradient":""},"mobile":{"background-color":"","background-image":"","background-repeat":"repeat","background-position":"center center","background-size":"auto","background-attachment":"scroll","background-type":"","background-media":"","overlay-type":"","overlay-color":"","overlay-opacity":"","overlay-gradient":""}},"ast-content-background-meta":{"desktop":{"background-color":"var(--ast-global-color-4)","background-image":"","background-repeat":"repeat","background-position":"center center","background-size":"auto","background-attachment":"scroll","background-type":"","background-media":"","overlay-type":"","overlay-color":"","overlay-opacity":"","overlay-gradient":""},"tablet":{"background-color":"var(--ast-global-color-4)","background-image":"","background-repeat":"repeat","background-position":"center center","background-size":"auto","background-attachment":"scroll","background-type":"","background-media":"","overlay-type":"","overlay-color":"","overlay-opacity":"","overlay-gradient":""},"mobile":{"background-color":"var(--ast-global-color-4)","background-image":"","background-repeat":"repeat","background-position":"center center","background-size":"auto","background-attachment":"scroll","background-type":"","background-media":"","overlay-type":"","overlay-color":"","overlay-opacity":"","overlay-gradient":""}},"two_page_speed":[],"footnotes":""},"class_list":["post-588","page","type-page","status-publish","hentry"],"_links":{"self":[{"href":"https:\/\/gdsa25.piegelin.eu\/index.php\/wp-json\/wp\/v2\/pages\/588","targetHints":{"allow":["GET"]}}],"collection":[{"href":"https:\/\/gdsa25.piegelin.eu\/index.php\/wp-json\/wp\/v2\/pages"}],"about":[{"href":"https:\/\/gdsa25.piegelin.eu\/index.php\/wp-json\/wp\/v2\/types\/page"}],"author":[{"embeddable":true,"href":"https:\/\/gdsa25.piegelin.eu\/index.php\/wp-json\/wp\/v2\/users\/1"}],"replies":[{"embeddable":true,"href":"https:\/\/gdsa25.piegelin.eu\/index.php\/wp-json\/wp\/v2\/comments?post=588"}],"version-history":[{"count":18,"href":"https:\/\/gdsa25.piegelin.eu\/index.php\/wp-json\/wp\/v2\/pages\/588\/revisions"}],"predecessor-version":[{"id":826,"href":"https:\/\/gdsa25.piegelin.eu\/index.php\/wp-json\/wp\/v2\/pages\/588\/revisions\/826"}],"wp:attachment":[{"href":"https:\/\/gdsa25.piegelin.eu\/index.php\/wp-json\/wp\/v2\/media?parent=588"}],"curies":[{"name":"wp","href":"https:\/\/api.w.org\/{rel}","templated":true}]}}