{"id":674,"date":"2026-01-27T15:45:59","date_gmt":"2026-01-27T14:45:59","guid":{"rendered":"http:\/\/192.168.1.130\/?page_id=674"},"modified":"2026-01-27T15:55:47","modified_gmt":"2026-01-27T14:55:47","slug":"maladies","status":"publish","type":"page","link":"https:\/\/gdsa25.piegelin.eu\/index.php\/maladies\/","title":{"rendered":"Maladies"},"content":{"rendered":"\t\t<div data-elementor-type=\"wp-page\" data-elementor-id=\"674\" class=\"elementor elementor-674\">\n\t\t\t\t<div class=\"elementor-element elementor-element-87dad59 e-flex e-con-boxed e-con e-parent\" data-id=\"87dad59\" data-element_type=\"container\" data-e-type=\"container\">\n\t\t\t\t\t<div class=\"e-con-inner\">\n\t\t\t\t<div class=\"elementor-element elementor-element-b634dc5 elementor-widget elementor-widget-text-editor\" data-id=\"b634dc5\" data-element_type=\"widget\" data-e-type=\"widget\" data-widget_type=\"text-editor.default\">\n\t\t\t\t\t\t\t\t\t<div id=\"comp-lilirr7x\" class=\"Z_l5lU ku3DBC zQ9jDz qvSjx3 Vq6kJx comp-lilirr7x wixui-rich-text\" data-testid=\"richTextElement\"><p class=\"font_7 wixui-rich-text__text\"><span style=\"text-decoration: underline;\"><strong><span class=\"wixui-rich-text__text\">Jeudis de PrADE<\/span><\/strong><\/span><\/p><\/div><div id=\"comp-lilimxog\" class=\"Z_l5lU ku3DBC zQ9jDz qvSjx3 Vq6kJx comp-lilimxog wixui-rich-text\" data-testid=\"richTextElement\"><p class=\"font_7 wixui-rich-text__text\">\u00ab Rep\u00e9rer les sympt\u00f4mes des virus de l\u2019abeille et \u00e9viter les pratiques \u00e0 risque \u00bb<\/p><\/div><div id=\"comp-liljfdru\" class=\"comp-liljfdru FubTgk\" style=\"text-align: center;\" aria-disabled=\"false\"><a class=\"uDW_Qe wixui-button PlZyDq\" href=\"https:\/\/www.youtube.com\/watch?v=0nuU5zf9dHg\" target=\"_blank\" rel=\"noreferrer noopener\" data-testid=\"linkElement\" aria-disabled=\"false\" aria-label=\"Virus Partie I - Lien Youtube- Clique ici-\"><span class=\"l7_2fn wixui-button__label\">Virus Partie I &#8211; Lien Youtube- Clique ici-<\/span><\/a><\/div><div id=\"comp-liljn4zz\" class=\"comp-liljn4zz FubTgk\" style=\"text-align: center;\" aria-disabled=\"false\"><a class=\"uDW_Qe wixui-button PlZyDq\" href=\"https:\/\/www.youtube.com\/watch?v=oPI9vEJ6BUA\" target=\"_blank\" rel=\"noreferrer noopener\" data-testid=\"linkElement\" aria-disabled=\"false\" aria-label=\"Virus Partie II - Lien Youtube- Clique ici-\"><span class=\"l7_2fn wixui-button__label\">Virus Partie II &#8211; Lien Youtube- Clique ici-<\/span><\/a><\/div>\t\t\t\t\t\t\t\t<\/div>\n\t\t\t\t\t<\/div>\n\t\t\t\t<\/div>\n\t\t<div class=\"elementor-element elementor-element-5d4b26c e-flex e-con-boxed e-con e-parent\" data-id=\"5d4b26c\" data-element_type=\"container\" data-e-type=\"container\">\n\t\t\t\t\t<div class=\"e-con-inner\">\n\t\t\t\t<div class=\"elementor-element elementor-element-e37ab50 elementor-widget elementor-widget-text-editor\" data-id=\"e37ab50\" data-element_type=\"widget\" data-e-type=\"widget\" data-widget_type=\"text-editor.default\">\n\t\t\t\t\t\t\t\t\t<div id=\"comp-jtd6t43x\" class=\"Z_l5lU ku3DBC zQ9jDz qvSjx3 Vq6kJx comp-jtd6t43x wixui-rich-text\" data-testid=\"richTextElement\"><p class=\"font_7 wixui-rich-text__text\"><strong><span class=\"wixui-rich-text__text\">La FNOSAD (F\u00e9d\u00e9ration Nationale des Organisations Sanitaires Apicoles D\u00e9partementales)\u00a0<\/span><span style=\"font-style: inherit;\">\u00e9dite sur son site toutes sortes de recommandations en mati\u00e8re de sant\u00e9 des abeilles, de r\u00e9glementation\u00a0<\/span><span style=\"font-style: inherit;\">d&rsquo;infos sur les m\u00e9dicaments&#8230;<\/span><\/strong><\/p><p class=\"font_7 wixui-rich-text__text\"><span class=\"wixui-rich-text__text\">\u00a0 \u00a0 \u00a0 \u00a0 \u00a0 \u00a0 \u00a0 \u00a0 \u00a0 \u00a0 \u00a0 \u00a0 \u00a0 \u00a0 \u00a0 \u00a0 \u00a0 \u00a0 \u00a0 \u00a0 \u00a0 \u00a0 \u00a0 \u00a0 \u00a0 \u00a0 \u00a0 <a class=\"j7pOnl\" style=\"font-size: 16px; background-color: #ffffff;\" href=\"https:\/\/www.fnosad.com\/\" target=\"_blank\" rel=\"noopener\" data-testid=\"linkElement\"><img decoding=\"async\" id=\"img_comp-jtdfxxk6\" class=\"BI8PVQ Tj01hh aligncenter\" src=\"https:\/\/static.wixstatic.com\/media\/3b2ef2_adb1e13353ea40fd9f1cdb5b397c290b~mv2.jpg\/v1\/fill\/w_70,h_89,al_c,q_80,usm_0.66_1.00_0.01,enc_avif,quality_auto\/logo_fnosad.jpg\" sizes=\"70px\" srcset=\"https:\/\/static.wixstatic.com\/media\/3b2ef2_adb1e13353ea40fd9f1cdb5b397c290b~mv2.jpg\/v1\/fill\/w_70,h_89,al_c,q_80,usm_0.66_1.00_0.01,enc_avif,quality_auto\/logo_fnosad.jpg 1x, https:\/\/static.wixstatic.com\/media\/3b2ef2_adb1e13353ea40fd9f1cdb5b397c290b~mv2.jpg\/v1\/fill\/w_140,h_178,al_c,q_80,usm_0.66_1.00_0.01,enc_avif,quality_auto\/logo_fnosad.jpg 2x\" alt=\"logo_fnosad.jpg\" width=\"70\" height=\"89\" \/><\/a>\u00a0 \u00a0 \u00a0 \u00a0 \u00a0\u00a0<\/span><\/p><p class=\"font_7 wixui-rich-text__text\">\u00a0<\/p><\/div><div id=\"comp-jtd6k4en\" class=\"Z_l5lU MMl86N zQ9jDz qvSjx3 Vq6kJx comp-jtd6k4en wixui-rich-text\" data-testid=\"richTextElement\"><p class=\"font_8 wixui-rich-text__text\"><span class=\"wixui-rich-text__text\">Vous avez ici en lien direct les fiches maladies:<\/span><\/p><ul class=\"font_8 wixui-rich-text__text\"><li class=\"wixui-rich-text__text\"><p class=\"font_8 wixui-rich-text__text\"><span class=\"wixui-rich-text__text\">Fiche pratique N\u00b01 :\u00a0<a class=\"wixui-rich-text__text\" href=\"https:\/\/www.fnosad.com\/fiches-pratiques\/le_couvain_sacciforme.pdf\" target=\"_blank\" rel=\"noopener\">Le couvain sacciforme<\/a><br class=\"wixui-rich-text__text\" \/>\u00a0<\/span><\/p><\/li><li class=\"wixui-rich-text__text\"><p class=\"font_8 wixui-rich-text__text\"><span class=\"wixui-rich-text__text\">Fiche pratique N\u00b02 :\u00a0<a class=\"wixui-rich-text__text\" href=\"https:\/\/www.fnosad.com\/fiches-pratiques\/la_loque_europeenne.pdf\" target=\"_blank\" rel=\"noopener\">La Loque europ\u00e9enne<\/a><br class=\"wixui-rich-text__text\" \/>\u00a0<\/span><\/p><\/li><li class=\"wixui-rich-text__text\"><p class=\"font_8 wixui-rich-text__text\"><span class=\"wixui-rich-text__text\">Fiche pratique N\u00b03 :<a class=\"wixui-rich-text__text\" href=\"https:\/\/www.fnosad.com\/fiches-pratiques\/realisation_transvasement_sanitaire.pdf\" target=\"_blank\" rel=\"noopener\">\u00a0R\u00e9alisation d&rsquo;un transvasement \u00e0 vis\u00e9e sanitaire<\/a><br class=\"wixui-rich-text__text\" \/>\u00a0<\/span><\/p><\/li><li class=\"wixui-rich-text__text\"><p class=\"font_8 wixui-rich-text__text\"><span class=\"wixui-rich-text__text\">Fiche pratique N\u00b04 :\u00a0<a class=\"wixui-rich-text__text\" href=\"https:\/\/www.fnosad.com\/fiches-pratiques\/la_paralysie_chronique.pdf\" target=\"_blank\" rel=\"noopener\">La Paralysie chronique (Maladie noire)<\/a><br class=\"wixui-rich-text__text\" \/>\u00a0<\/span><\/p><\/li><li class=\"wixui-rich-text__text\"><p class=\"font_8 wixui-rich-text__text\"><span class=\"wixui-rich-text__text\">Fiche pratique N\u00b05 :\u00a0<a class=\"wixui-rich-text__text\" href=\"https:\/\/www.fnosad.com\/fiches-pratiques\/la_maladie_des_ailes_deformees.pdf\" target=\"_blank\" rel=\"noopener\">La Maladie des ailes d\u00e9form\u00e9es<\/a><br class=\"wixui-rich-text__text\" \/>\u00a0<\/span><\/p><\/li><li class=\"wixui-rich-text__text\"><p class=\"font_8 wixui-rich-text__text\"><span class=\"wixui-rich-text__text\">Fiche pratique N\u00b06 :\u00a0<a class=\"wixui-rich-text__text\" href=\"https:\/\/www.fnosad.com\/fiches-pratiques\/le_traitement_varroose_par_acide_oxalique.pdf\" target=\"_blank\" rel=\"noopener\">Traitement de la varroose, emploi de l&rsquo;acide oxalique<\/a><br class=\"wixui-rich-text__text\" \/>\u00a0<\/span><\/p><\/li><li class=\"wixui-rich-text__text\"><p class=\"font_8 wixui-rich-text__text\"><span class=\"wixui-rich-text__text\">Fiche pratique N\u00b07 :\u00a0<a class=\"wixui-rich-text__text\" href=\"https:\/\/www.fnosad.com\/fiches-pratiques\/la_loque_americaine.pdf\" target=\"_blank\" rel=\"noopener\">La Loque am\u00e9ricaine<\/a><br class=\"wixui-rich-text__text\" \/>\u00a0<\/span><\/p><\/li><li class=\"wixui-rich-text__text\"><p class=\"font_8 wixui-rich-text__text\"><span class=\"wixui-rich-text__text\">Fiche pratique N\u00b08 :<a class=\"wixui-rich-text__text\" href=\"https:\/\/www.fnosad.com\/fiches-pratiques\/la_nosemose.pdf\" target=\"_blank\" rel=\"noopener\">\u00a0La Nos\u00e9mose<\/a><br class=\"wixui-rich-text__text\" \/>\u00a0<\/span><\/p><\/li><li class=\"wixui-rich-text__text\"><p class=\"font_8 wixui-rich-text__text\"><span class=\"wixui-rich-text__text\">Fiche pratique N\u00b09 :<a class=\"wixui-rich-text__text\" href=\"https:\/\/www.fnosad.com\/fiches-pratiques\/fiche_9_varroa_lanieres.pdf\" target=\"_blank\" rel=\"noopener\">\u00a0Lutte contre le varroa, utilisation des m\u00e9dicaments sous forme de lani\u00e8res<\/a><br class=\"wixui-rich-text__text\" \/>\u00a0<\/span><\/p><\/li><li class=\"wixui-rich-text__text\"><p class=\"font_8 wixui-rich-text__text\"><span class=\"wixui-rich-text__text\">Fiche pratique N\u00b010 :\u00a0<a class=\"wixui-rich-text__text\" href=\"https:\/\/www.fnosad.com\/fiches-pratiques\/fiche_10_varroa_thymol.pdf\" target=\"_blank\" rel=\"noopener\">Lutte contre le varroa, utilisation des m\u00e9dicaments \u00e0 base de thymol<\/a><br class=\"wixui-rich-text__text\" \/>\u00a0<\/span><\/p><\/li><li class=\"wixui-rich-text__text\"><p class=\"font_8 wixui-rich-text__text\"><span class=\"wixui-rich-text__text\">Fiche pratique N\u00b011 :\u00a0<a class=\"wixui-rich-text__text\" href=\"https:\/\/www.fnosad.com\/fiches-pratiques\/ascospherose_mycose_du_couvain.pdf\" target=\"_blank\" rel=\"noopener\">Ascosph\u00e9rose &#8211; Mycose du couvain<\/a><br class=\"wixui-rich-text__text\" \/>\u00a0<\/span><\/p><\/li><li class=\"wixui-rich-text__text\"><p class=\"font_8 wixui-rich-text__text\"><span class=\"wixui-rich-text__text\">Fiche pratique N\u00b012 :\u00a0<a class=\"wixui-rich-text__text\" href=\"https:\/\/www.fnosad.com\/fiches-pratiques\/fiche_12_varroa_acide_oxalique.pdf\" target=\"_blank\" rel=\"noopener\">Lutte contre le varroa, utilisation d\u2019un m\u00e9dicament \u00e0 base d\u2019acide oxalique<\/a><\/span><\/p><\/li><\/ul><\/div>\t\t\t\t\t\t\t\t<\/div>\n\t\t\t\t\t<\/div>\n\t\t\t\t<\/div>\n\t\t\t\t<\/div>\n\t\t","protected":false},"excerpt":{"rendered":"<p>Jeudis de PrADE \u00ab Rep\u00e9rer les sympt\u00f4mes des virus de l\u2019abeille et \u00e9viter les pratiques \u00e0 risque \u00bb Virus Partie [&hellip;]<\/p>\n","protected":false},"author":1,"featured_media":0,"parent":0,"menu_order":0,"comment_status":"closed","ping_status":"closed","template":"","meta":{"site-sidebar-layout":"no-sidebar","site-content-layout":"","ast-site-content-layout":"full-width-container","site-content-style":"default","site-sidebar-style":"default","ast-global-header-display":"","ast-banner-title-visibility":"","ast-main-header-display":"","ast-hfb-above-header-display":"","ast-hfb-below-header-display":"","ast-hfb-mobile-header-display":"","site-post-title":"","ast-breadcrumbs-content":"","ast-featured-img":"disabled","footer-sml-layout":"","ast-disable-related-posts":"","theme-transparent-header-meta":"","adv-header-id-meta":"","stick-header-meta":"","header-above-stick-meta":"","header-main-stick-meta":"","header-below-stick-meta":"","astra-migrate-meta-layouts":"default","ast-page-background-enabled":"default","ast-page-background-meta":{"desktop":{"background-color":"var(--ast-global-color-5)","background-image":"","background-repeat":"repeat","background-position":"center center","background-size":"auto","background-attachment":"scroll","background-type":"","background-media":"","overlay-type":"","overlay-color":"","overlay-opacity":"","overlay-gradient":""},"tablet":{"background-color":"","background-image":"","background-repeat":"repeat","background-position":"center center","background-size":"auto","background-attachment":"scroll","background-type":"","background-media":"","overlay-type":"","overlay-color":"","overlay-opacity":"","overlay-gradient":""},"mobile":{"background-color":"","background-image":"","background-repeat":"repeat","background-position":"center center","background-size":"auto","background-attachment":"scroll","background-type":"","background-media":"","overlay-type":"","overlay-color":"","overlay-opacity":"","overlay-gradient":""}},"ast-content-background-meta":{"desktop":{"background-color":"var(--ast-global-color-4)","background-image":"","background-repeat":"repeat","background-position":"center center","background-size":"auto","background-attachment":"scroll","background-type":"","background-media":"","overlay-type":"","overlay-color":"","overlay-opacity":"","overlay-gradient":""},"tablet":{"background-color":"var(--ast-global-color-4)","background-image":"","background-repeat":"repeat","background-position":"center center","background-size":"auto","background-attachment":"scroll","background-type":"","background-media":"","overlay-type":"","overlay-color":"","overlay-opacity":"","overlay-gradient":""},"mobile":{"background-color":"var(--ast-global-color-4)","background-image":"","background-repeat":"repeat","background-position":"center center","background-size":"auto","background-attachment":"scroll","background-type":"","background-media":"","overlay-type":"","overlay-color":"","overlay-opacity":"","overlay-gradient":""}},"two_page_speed":[],"footnotes":""},"class_list":["post-674","page","type-page","status-publish","hentry"],"_links":{"self":[{"href":"https:\/\/gdsa25.piegelin.eu\/index.php\/wp-json\/wp\/v2\/pages\/674","targetHints":{"allow":["GET"]}}],"collection":[{"href":"https:\/\/gdsa25.piegelin.eu\/index.php\/wp-json\/wp\/v2\/pages"}],"about":[{"href":"https:\/\/gdsa25.piegelin.eu\/index.php\/wp-json\/wp\/v2\/types\/page"}],"author":[{"embeddable":true,"href":"https:\/\/gdsa25.piegelin.eu\/index.php\/wp-json\/wp\/v2\/users\/1"}],"replies":[{"embeddable":true,"href":"https:\/\/gdsa25.piegelin.eu\/index.php\/wp-json\/wp\/v2\/comments?post=674"}],"version-history":[{"count":10,"href":"https:\/\/gdsa25.piegelin.eu\/index.php\/wp-json\/wp\/v2\/pages\/674\/revisions"}],"predecessor-version":[{"id":685,"href":"https:\/\/gdsa25.piegelin.eu\/index.php\/wp-json\/wp\/v2\/pages\/674\/revisions\/685"}],"wp:attachment":[{"href":"https:\/\/gdsa25.piegelin.eu\/index.php\/wp-json\/wp\/v2\/media?parent=674"}],"curies":[{"name":"wp","href":"https:\/\/api.w.org\/{rel}","templated":true}]}}